{"id":94,"date":"2023-01-02T19:35:56","date_gmt":"2023-01-02T19:35:56","guid":{"rendered":"https:\/\/idartprocess.com\/?page_id=94"},"modified":"2025-11-09T13:00:28","modified_gmt":"2025-11-09T13:00:28","slug":"idart-kontakt","status":"publish","type":"page","link":"https:\/\/idartprocess.com\/?page_id=94","title":{"rendered":"Kontakt"},"content":{"rendered":"<div class=\"wp-block-image\">\n<figure class=\"alignleft size-medium\"><img loading=\"lazy\" decoding=\"async\" width=\"300\" height=\"225\" src=\"https:\/\/idartprocess.com\/wp-content\/uploads\/2023\/01\/20221102_233306-300x225.jpg\" alt=\"Idart kontakt\" class=\"wp-image-96\" srcset=\"https:\/\/idartprocess.com\/wp-content\/uploads\/2023\/01\/20221102_233306-300x225.jpg 300w, https:\/\/idartprocess.com\/wp-content\/uploads\/2023\/01\/20221102_233306-1024x768.jpg 1024w, https:\/\/idartprocess.com\/wp-content\/uploads\/2023\/01\/20221102_233306-768x576.jpg 768w, https:\/\/idartprocess.com\/wp-content\/uploads\/2023\/01\/20221102_233306-1536x1152.jpg 1536w, https:\/\/idartprocess.com\/wp-content\/uploads\/2023\/01\/20221102_233306-2048x1536.jpg 2048w\" sizes=\"auto, (max-width: 300px) 100vw, 300px\" \/><figcaption class=\"wp-element-caption\">Idart kontakt<\/figcaption><\/figure><\/div>\n\n\n<p class=\"has-black-color has-white-background-color has-text-color has-background\"><strong>Idart kontakt je tu za tebe!<\/strong><br>\u017deli\u0161 raditi na sebi, ali nije ti ba\u0161 sve u potpunosti jasno? <br>Ima\u0161 pitanja koja te zaustavljaju da napravi\u0161 taj korak bli\u017ee sebi?<br><br>Ne posustaj! \u010cinjenica da si na ovoj stranici govori mi da tvoj interes postoji.<br>Pitaj \u0161to te zanima ili napi\u0161i komentar bez obaveze, a odgovor sti\u017ee kroz maksimalno 3 radna dana.<br>Mo\u017ee\u0161 mi poslati svoje misli i pitanja izravno na <strong>email: idartprocess@gmail.com<\/strong> ili nazvati na broj <strong>098462657 <\/strong><\/p>\n\n\n\n<p class=\"has-black-color has-white-background-color has-text-color has-background\">Ako se ne javim odmah &#8211; vjerojatno radim ne\u0161to za \u0161to mi treba fokus. \u010cim uhvatim slobodno vrijeme, zovem povratno i ne smeta mi ako proba\u0161 nazvati vi\u0161e puta ili na poziv nadoda\u0161 i email. Znam da je kad donesemo odluku za novi korak \u010desto te\u0161ko \u010dekati na prvi kontakt, informaciju, susret&#8230;<br><\/p>\n","protected":false},"excerpt":{"rendered":"<p>Idart kontakt je tu za tebe!\u017deli\u0161 raditi na sebi, ali nije ti ba\u0161 sve u potpunosti jasno? Ima\u0161 pitanja koja te zaustavljaju da napravi\u0161 taj korak bli\u017ee sebi? Ne posustaj! \u010cinjenica da si na ovoj stranici govori mi da tvoj interes postoji.Pitaj \u0161to te zanima ili napi\u0161i komentar bez obaveze, a odgovor sti\u017ee kroz maksimalno [&hellip;]<\/p>\n","protected":false},"author":2,"featured_media":0,"parent":0,"menu_order":0,"comment_status":"closed","ping_status":"closed","template":"","meta":{"footnotes":""},"class_list":["post-94","page","type-page","status-publish","hentry"],"yoast_head":"<!-- This site is optimized with the Yoast SEO plugin v27.5 - https:\/\/yoast.com\/product\/yoast-seo-wordpress\/ -->\n<title>Kontakt - IdArt<\/title>\n<meta name=\"description\" content=\"Dok ispinjava\u0161 IdArt kontakt formu imaj da nema glupih i bezveznih pitanja. :) Pitaj \u0161to te zanima ili napi\u0161i komentar bez obaveze.\" \/>\n<meta name=\"robots\" content=\"index, follow, max-snippet:-1, max-image-preview:large, max-video-preview:-1\" \/>\n<link rel=\"canonical\" href=\"https:\/\/idartprocess.com\/?page_id=94\" \/>\n<meta property=\"og:locale\" content=\"en_US\" \/>\n<meta property=\"og:type\" content=\"article\" \/>\n<meta property=\"og:title\" content=\"Kontakt - IdArt\" \/>\n<meta property=\"og:description\" content=\"Dok ispinjava\u0161 IdArt kontakt formu imaj da nema glupih i bezveznih pitanja. :) Pitaj \u0161to te zanima ili napi\u0161i komentar bez obaveze.\" \/>\n<meta property=\"og:url\" content=\"https:\/\/idartprocess.com\/?page_id=94\" \/>\n<meta property=\"og:site_name\" content=\"IdArt\" \/>\n<meta property=\"article:modified_time\" content=\"2025-11-09T13:00:28+00:00\" \/>\n<meta property=\"og:image\" content=\"https:\/\/idartprocess.com\/wp-content\/uploads\/2023\/01\/20221102_233306-scaled.jpg\" \/>\n\t<meta property=\"og:image:width\" content=\"2560\" \/>\n\t<meta property=\"og:image:height\" content=\"1920\" \/>\n\t<meta property=\"og:image:type\" content=\"image\/jpeg\" \/>\n<meta name=\"twitter:card\" content=\"summary_large_image\" \/>\n<meta name=\"twitter:label1\" content=\"Est. reading time\" \/>\n\t<meta name=\"twitter:data1\" content=\"1 minute\" \/>\n<script type=\"application\/ld+json\" class=\"yoast-schema-graph\">{\"@context\":\"https:\\\/\\\/schema.org\",\"@graph\":[{\"@type\":\"WebPage\",\"@id\":\"https:\\\/\\\/idartprocess.com\\\/?page_id=94\",\"url\":\"https:\\\/\\\/idartprocess.com\\\/?page_id=94\",\"name\":\"Kontakt - IdArt\",\"isPartOf\":{\"@id\":\"https:\\\/\\\/idartprocess.com\\\/#website\"},\"primaryImageOfPage\":{\"@id\":\"https:\\\/\\\/idartprocess.com\\\/?page_id=94#primaryimage\"},\"image\":{\"@id\":\"https:\\\/\\\/idartprocess.com\\\/?page_id=94#primaryimage\"},\"thumbnailUrl\":\"https:\\\/\\\/idartprocess.com\\\/wp-content\\\/uploads\\\/2023\\\/01\\\/20221102_233306-300x225.jpg\",\"datePublished\":\"2023-01-02T19:35:56+00:00\",\"dateModified\":\"2025-11-09T13:00:28+00:00\",\"description\":\"Dok ispinjava\u0161 IdArt kontakt formu imaj da nema glupih i bezveznih pitanja. :) Pitaj \u0161to te zanima ili napi\u0161i komentar bez obaveze.\",\"breadcrumb\":{\"@id\":\"https:\\\/\\\/idartprocess.com\\\/?page_id=94#breadcrumb\"},\"inLanguage\":\"en-US\",\"potentialAction\":[{\"@type\":\"ReadAction\",\"target\":[\"https:\\\/\\\/idartprocess.com\\\/?page_id=94\"]}]},{\"@type\":\"ImageObject\",\"inLanguage\":\"en-US\",\"@id\":\"https:\\\/\\\/idartprocess.com\\\/?page_id=94#primaryimage\",\"url\":\"https:\\\/\\\/idartprocess.com\\\/wp-content\\\/uploads\\\/2023\\\/01\\\/20221102_233306-300x225.jpg\",\"contentUrl\":\"https:\\\/\\\/idartprocess.com\\\/wp-content\\\/uploads\\\/2023\\\/01\\\/20221102_233306-300x225.jpg\"},{\"@type\":\"BreadcrumbList\",\"@id\":\"https:\\\/\\\/idartprocess.com\\\/?page_id=94#breadcrumb\",\"itemListElement\":[{\"@type\":\"ListItem\",\"position\":1,\"name\":\"Home\",\"item\":\"https:\\\/\\\/idartprocess.com\\\/\"},{\"@type\":\"ListItem\",\"position\":2,\"name\":\"Kontakt\"}]},{\"@type\":\"WebSite\",\"@id\":\"https:\\\/\\\/idartprocess.com\\\/#website\",\"url\":\"https:\\\/\\\/idartprocess.com\\\/\",\"name\":\"IdArt\",\"description\":\"obrt za usluge, proizvodnju i trgovinu\",\"potentialAction\":[{\"@type\":\"SearchAction\",\"target\":{\"@type\":\"EntryPoint\",\"urlTemplate\":\"https:\\\/\\\/idartprocess.com\\\/?s={search_term_string}\"},\"query-input\":{\"@type\":\"PropertyValueSpecification\",\"valueRequired\":true,\"valueName\":\"search_term_string\"}}],\"inLanguage\":\"en-US\"}]}<\/script>\n<!-- \/ Yoast SEO plugin. -->","yoast_head_json":{"title":"Kontakt - IdArt","description":"Dok ispinjava\u0161 IdArt kontakt formu imaj da nema glupih i bezveznih pitanja. :) Pitaj \u0161to te zanima ili napi\u0161i komentar bez obaveze.","robots":{"index":"index","follow":"follow","max-snippet":"max-snippet:-1","max-image-preview":"max-image-preview:large","max-video-preview":"max-video-preview:-1"},"canonical":"https:\/\/idartprocess.com\/?page_id=94","og_locale":"en_US","og_type":"article","og_title":"Kontakt - IdArt","og_description":"Dok ispinjava\u0161 IdArt kontakt formu imaj da nema glupih i bezveznih pitanja. :) Pitaj \u0161to te zanima ili napi\u0161i komentar bez obaveze.","og_url":"https:\/\/idartprocess.com\/?page_id=94","og_site_name":"IdArt","article_modified_time":"2025-11-09T13:00:28+00:00","og_image":[{"width":2560,"height":1920,"url":"https:\/\/idartprocess.com\/wp-content\/uploads\/2023\/01\/20221102_233306-scaled.jpg","type":"image\/jpeg"}],"twitter_card":"summary_large_image","twitter_misc":{"Est. reading time":"1 minute"},"schema":{"@context":"https:\/\/schema.org","@graph":[{"@type":"WebPage","@id":"https:\/\/idartprocess.com\/?page_id=94","url":"https:\/\/idartprocess.com\/?page_id=94","name":"Kontakt - IdArt","isPartOf":{"@id":"https:\/\/idartprocess.com\/#website"},"primaryImageOfPage":{"@id":"https:\/\/idartprocess.com\/?page_id=94#primaryimage"},"image":{"@id":"https:\/\/idartprocess.com\/?page_id=94#primaryimage"},"thumbnailUrl":"https:\/\/idartprocess.com\/wp-content\/uploads\/2023\/01\/20221102_233306-300x225.jpg","datePublished":"2023-01-02T19:35:56+00:00","dateModified":"2025-11-09T13:00:28+00:00","description":"Dok ispinjava\u0161 IdArt kontakt formu imaj da nema glupih i bezveznih pitanja. :) Pitaj \u0161to te zanima ili napi\u0161i komentar bez obaveze.","breadcrumb":{"@id":"https:\/\/idartprocess.com\/?page_id=94#breadcrumb"},"inLanguage":"en-US","potentialAction":[{"@type":"ReadAction","target":["https:\/\/idartprocess.com\/?page_id=94"]}]},{"@type":"ImageObject","inLanguage":"en-US","@id":"https:\/\/idartprocess.com\/?page_id=94#primaryimage","url":"https:\/\/idartprocess.com\/wp-content\/uploads\/2023\/01\/20221102_233306-300x225.jpg","contentUrl":"https:\/\/idartprocess.com\/wp-content\/uploads\/2023\/01\/20221102_233306-300x225.jpg"},{"@type":"BreadcrumbList","@id":"https:\/\/idartprocess.com\/?page_id=94#breadcrumb","itemListElement":[{"@type":"ListItem","position":1,"name":"Home","item":"https:\/\/idartprocess.com\/"},{"@type":"ListItem","position":2,"name":"Kontakt"}]},{"@type":"WebSite","@id":"https:\/\/idartprocess.com\/#website","url":"https:\/\/idartprocess.com\/","name":"IdArt","description":"obrt za usluge, proizvodnju i trgovinu","potentialAction":[{"@type":"SearchAction","target":{"@type":"EntryPoint","urlTemplate":"https:\/\/idartprocess.com\/?s={search_term_string}"},"query-input":{"@type":"PropertyValueSpecification","valueRequired":true,"valueName":"search_term_string"}}],"inLanguage":"en-US"}]}},"_links":{"self":[{"href":"https:\/\/idartprocess.com\/index.php?rest_route=\/wp\/v2\/pages\/94","targetHints":{"allow":["GET"]}}],"collection":[{"href":"https:\/\/idartprocess.com\/index.php?rest_route=\/wp\/v2\/pages"}],"about":[{"href":"https:\/\/idartprocess.com\/index.php?rest_route=\/wp\/v2\/types\/page"}],"author":[{"embeddable":true,"href":"https:\/\/idartprocess.com\/index.php?rest_route=\/wp\/v2\/users\/2"}],"replies":[{"embeddable":true,"href":"https:\/\/idartprocess.com\/index.php?rest_route=%2Fwp%2Fv2%2Fcomments&post=94"}],"version-history":[{"count":6,"href":"https:\/\/idartprocess.com\/index.php?rest_route=\/wp\/v2\/pages\/94\/revisions"}],"predecessor-version":[{"id":228,"href":"https:\/\/idartprocess.com\/index.php?rest_route=\/wp\/v2\/pages\/94\/revisions\/228"}],"wp:attachment":[{"href":"https:\/\/idartprocess.com\/index.php?rest_route=%2Fwp%2Fv2%2Fmedia&parent=94"}],"curies":[{"name":"wp","href":"https:\/\/api.w.org\/{rel}","templated":true}]}}