{"id":78,"date":"2023-01-02T19:01:51","date_gmt":"2023-01-02T19:01:51","guid":{"rendered":"https:\/\/idartprocess.com\/?page_id=78"},"modified":"2025-11-17T12:38:49","modified_gmt":"2025-11-17T12:38:49","slug":"psihoterapija","status":"publish","type":"page","link":"https:\/\/idartprocess.com\/?page_id=78","title":{"rendered":"Gestalt psihoterapija"},"content":{"rendered":"<div class=\"wp-block-image\">\n<figure class=\"alignleft size-medium\"><img loading=\"lazy\" decoding=\"async\" width=\"300\" height=\"225\" src=\"https:\/\/idartprocess.com\/wp-content\/uploads\/2025\/11\/20251113_150639_ured-novo-300x225.jpg\" alt=\"\" class=\"wp-image-237\" srcset=\"https:\/\/idartprocess.com\/wp-content\/uploads\/2025\/11\/20251113_150639_ured-novo-300x225.jpg 300w, https:\/\/idartprocess.com\/wp-content\/uploads\/2025\/11\/20251113_150639_ured-novo-1024x768.jpg 1024w, https:\/\/idartprocess.com\/wp-content\/uploads\/2025\/11\/20251113_150639_ured-novo-768x576.jpg 768w, https:\/\/idartprocess.com\/wp-content\/uploads\/2025\/11\/20251113_150639_ured-novo-1536x1152.jpg 1536w, https:\/\/idartprocess.com\/wp-content\/uploads\/2025\/11\/20251113_150639_ured-novo-2048x1536.jpg 2048w\" sizes=\"auto, (max-width: 300px) 100vw, 300px\" \/><figcaption class=\"wp-element-caption\">Gestalt psihoterapija &#8211; siguran prostor za otkriti, izgraditi i prihvatiti sebe<\/figcaption><\/figure><\/div>\n\n\n<p>Gestalt psihoterapija je na\u010din rada na sebi kroz koji uz podr\u0161ku psihoterapeuta <strong>u sigurnom terapijskom prostoru i atmosferi<\/strong>:<\/p>\n\n\n\n<ul class=\"wp-block-list\">\n<li>formirate ciljeve rada na sebi<\/li>\n\n\n\n<li>gradite i produbljujete vlastitu svjesnost<\/li>\n\n\n\n<li>osvje\u0161tavate i propitujete vlastite obrasce pona\u0161anja<\/li>\n\n\n\n<li>eksperimentirate sa novim obrascima te odabirete koji su najbolji za vas<\/li>\n<\/ul>\n\n\n\n<p>U psihoterapeutskom radu veoma je va\u017ena <strong>osobna motivacija<\/strong> klijenta kao i odnos <strong>psihoterapeuta i klijenta<\/strong> zbog \u010dega je va\u017eno pru\u017eiti priliku odnosu sa terapeutom kroz nekoliko susreta prije dono\u0161enja odluke o nastavku ili prekidu rada. Ako va\u0161 proces sa nekim terapeutom nije bio uspje\u0161an, topla je preporuka da poku\u0161ate pru\u017eiti priliku i drugim terapeutima dok ne prona\u0111ete teraputa s kojim vam odnos odgovara i osje\u0107ate se zadovoljno.<\/p>\n\n\n\n<p>Psihoterapija otvara prostor za istra\u017eiti i izgraditi sebe i biti ono \u0161to jeste najvi\u0161e \u0161to mo\u017eete u nekom trenutku. Imate mogu\u0107nost nau\u010diti kako kontinuirano raditi na sebi te razvijati i birati za sebe zdrave na\u010dine\/alate no\u0161enja sa \u017eivotnim situacijama. Rad se odvija <strong>individualiziranim pristupom<\/strong> te <strong>promjene ne nastupaju &#8220;preko no\u0107i&#8221;<\/strong> &#8211; radi se tempom koji je potreban kliijentu te traje od nekoliko mjeseci do nekoliko godina (ne mo\u017ee se unaprijed predvidjeti).<\/p>\n\n\n\n<p>Iako je krajnji cilj psihoterapijskog procesa pozitivna promjena kod klijenta, <strong>mogu\u0107e je da se nakon nekih susreta pojave i neko vrijeme budu prisutne neugodne emocije i senzacije<\/strong> (tuga, ljutnja, frustracija, glavobolja, umor, usamljenost, zbunjenost, nesanica i drugo), a kao dio procesa osvje\u0161tavanja, suo\u010davanja sa samim sobom te na primjer s nekim iskustvima koja su bolna. Va\u017eno je naglasiti da su ova stanja prolazna i neizbje\u017ean su dio procesa koji vodi prema pozitivnoj promjeni.<\/p>\n\n\n\n<p>Svaka seansa traje 60 minuta. Zbog napretka i kontinuiteta u radu <strong>preporu\u010dena dinamika susreta je jednom tjedno<\/strong>, a minimalno tri puta mjese\u010dno. Ako ovaj tempo trenutno niste u mogu\u0107nosti pratiti provjerite sa sobom je li ovo najbolje vrijeme za ovaj oblik rada na sebi.<\/p>\n\n\n\n<h4 class=\"wp-block-heading has-black-color has-text-color\">Va\u017ena nam je diskrecija!<\/h4>\n\n\n\n<p>Savjetodavni i psihoterapijski rad odvija se pod potpunom diskrecijom te je u potpunosti u skladu sa Eti\u010dkim kodeksom DGIPH-a. Ponekad, psihoterapeut \u0107e koristiti usluge supervizije kod ovla\u0161tenog supervizora koji tako\u0111er radi u skladu sa Eti\u010dkim kodeksom DGIPH-a. Psihoterapeut ne\u0107e otkrivati identitet klijenta-ice prema tre\u0107im stranama, osim u slu\u010daju kada se radi o za\u0161titi \u017eivota klijenta ili druge osobe\/bi\u0107a. I u tim uvjetima, prvo \u0107e nastojati o tome razgovarati sa klijentom-icom.<\/p>\n\n\n\n<p>Ponekad, zbog odre\u0111enih okolnosti, psihoterapijska ili savjetodavna seansa odr\u017eat \u0107e se kori\u0161tenjem dostupnih medija poput telefona, maila, skypa, zooma. Psihoterapeut \u0107e poduzeti sve \u0161to je u njegovoj mo\u0107i da za\u0161titi identitet i sadr\u017eaj, no ne mo\u017ee biti odgovoran za razinu za\u0161tite pru\u017eatelja usluga.<\/p>\n\n\n\n<p>Ako vam trebaju jo\u0161 neke informacije, upit mo\u017eete poslati putem emaila: idartprocess@gmail.com ili mo\u017eete nazvati na 098\/462-657.<\/p>\n","protected":false},"excerpt":{"rendered":"<p>Gestalt psihoterapija je na\u010din rada na sebi kroz koji uz podr\u0161ku psihoterapeuta u sigurnom terapijskom prostoru i atmosferi: U psihoterapeutskom radu veoma je va\u017ena osobna motivacija klijenta kao i odnos psihoterapeuta i klijenta zbog \u010dega je va\u017eno pru\u017eiti priliku odnosu sa terapeutom kroz nekoliko susreta prije dono\u0161enja odluke o nastavku ili prekidu rada. Ako va\u0161 [&hellip;]<\/p>\n","protected":false},"author":2,"featured_media":0,"parent":0,"menu_order":0,"comment_status":"closed","ping_status":"closed","template":"","meta":{"footnotes":""},"class_list":["post-78","page","type-page","status-publish","hentry"],"yoast_head":"<!-- This site is optimized with the Yoast SEO plugin v27.5 - https:\/\/yoast.com\/product\/yoast-seo-wordpress\/ -->\n<title>Gestalt psihoterapija - IdArt<\/title>\n<meta name=\"description\" content=\"Psihoterapija daje prostor za istra\u017eivanje i izgradnju sebe u smjeru u kojem se osje\u0107amo dobro te je prisutan individualizirani pristup.\" \/>\n<meta name=\"robots\" content=\"index, follow, max-snippet:-1, max-image-preview:large, max-video-preview:-1\" \/>\n<link rel=\"canonical\" href=\"https:\/\/idartprocess.com\/?page_id=78\" \/>\n<meta property=\"og:locale\" content=\"en_US\" \/>\n<meta property=\"og:type\" content=\"article\" \/>\n<meta property=\"og:title\" content=\"Gestalt psihoterapija - IdArt\" \/>\n<meta property=\"og:description\" content=\"Psihoterapija daje prostor za istra\u017eivanje i izgradnju sebe u smjeru u kojem se osje\u0107amo dobro te je prisutan individualizirani pristup.\" \/>\n<meta property=\"og:url\" content=\"https:\/\/idartprocess.com\/?page_id=78\" \/>\n<meta property=\"og:site_name\" content=\"IdArt\" \/>\n<meta property=\"article:modified_time\" content=\"2025-11-17T12:38:49+00:00\" \/>\n<meta property=\"og:image\" content=\"https:\/\/idartprocess.com\/wp-content\/uploads\/2025\/11\/20251113_150639_ured-novo-scaled.jpg\" \/>\n\t<meta property=\"og:image:width\" content=\"2560\" \/>\n\t<meta property=\"og:image:height\" content=\"1920\" \/>\n\t<meta property=\"og:image:type\" content=\"image\/jpeg\" \/>\n<meta name=\"twitter:card\" content=\"summary_large_image\" \/>\n<meta name=\"twitter:label1\" content=\"Est. reading time\" \/>\n\t<meta name=\"twitter:data1\" content=\"3 minutes\" \/>\n<script type=\"application\/ld+json\" class=\"yoast-schema-graph\">{\"@context\":\"https:\\\/\\\/schema.org\",\"@graph\":[{\"@type\":\"WebPage\",\"@id\":\"https:\\\/\\\/idartprocess.com\\\/?page_id=78\",\"url\":\"https:\\\/\\\/idartprocess.com\\\/?page_id=78\",\"name\":\"Gestalt psihoterapija - IdArt\",\"isPartOf\":{\"@id\":\"https:\\\/\\\/idartprocess.com\\\/#website\"},\"primaryImageOfPage\":{\"@id\":\"https:\\\/\\\/idartprocess.com\\\/?page_id=78#primaryimage\"},\"image\":{\"@id\":\"https:\\\/\\\/idartprocess.com\\\/?page_id=78#primaryimage\"},\"thumbnailUrl\":\"https:\\\/\\\/idartprocess.com\\\/wp-content\\\/uploads\\\/2025\\\/11\\\/20251113_150639_ured-novo-300x225.jpg\",\"datePublished\":\"2023-01-02T19:01:51+00:00\",\"dateModified\":\"2025-11-17T12:38:49+00:00\",\"description\":\"Psihoterapija daje prostor za istra\u017eivanje i izgradnju sebe u smjeru u kojem se osje\u0107amo dobro te je prisutan individualizirani pristup.\",\"breadcrumb\":{\"@id\":\"https:\\\/\\\/idartprocess.com\\\/?page_id=78#breadcrumb\"},\"inLanguage\":\"en-US\",\"potentialAction\":[{\"@type\":\"ReadAction\",\"target\":[\"https:\\\/\\\/idartprocess.com\\\/?page_id=78\"]}]},{\"@type\":\"ImageObject\",\"inLanguage\":\"en-US\",\"@id\":\"https:\\\/\\\/idartprocess.com\\\/?page_id=78#primaryimage\",\"url\":\"https:\\\/\\\/idartprocess.com\\\/wp-content\\\/uploads\\\/2025\\\/11\\\/20251113_150639_ured-novo-scaled.jpg\",\"contentUrl\":\"https:\\\/\\\/idartprocess.com\\\/wp-content\\\/uploads\\\/2025\\\/11\\\/20251113_150639_ured-novo-scaled.jpg\",\"width\":2560,\"height\":1920},{\"@type\":\"BreadcrumbList\",\"@id\":\"https:\\\/\\\/idartprocess.com\\\/?page_id=78#breadcrumb\",\"itemListElement\":[{\"@type\":\"ListItem\",\"position\":1,\"name\":\"Home\",\"item\":\"https:\\\/\\\/idartprocess.com\\\/\"},{\"@type\":\"ListItem\",\"position\":2,\"name\":\"Gestalt psihoterapija\"}]},{\"@type\":\"WebSite\",\"@id\":\"https:\\\/\\\/idartprocess.com\\\/#website\",\"url\":\"https:\\\/\\\/idartprocess.com\\\/\",\"name\":\"IdArt\",\"description\":\"obrt za usluge, proizvodnju i trgovinu\",\"potentialAction\":[{\"@type\":\"SearchAction\",\"target\":{\"@type\":\"EntryPoint\",\"urlTemplate\":\"https:\\\/\\\/idartprocess.com\\\/?s={search_term_string}\"},\"query-input\":{\"@type\":\"PropertyValueSpecification\",\"valueRequired\":true,\"valueName\":\"search_term_string\"}}],\"inLanguage\":\"en-US\"}]}<\/script>\n<!-- \/ Yoast SEO plugin. -->","yoast_head_json":{"title":"Gestalt psihoterapija - IdArt","description":"Psihoterapija daje prostor za istra\u017eivanje i izgradnju sebe u smjeru u kojem se osje\u0107amo dobro te je prisutan individualizirani pristup.","robots":{"index":"index","follow":"follow","max-snippet":"max-snippet:-1","max-image-preview":"max-image-preview:large","max-video-preview":"max-video-preview:-1"},"canonical":"https:\/\/idartprocess.com\/?page_id=78","og_locale":"en_US","og_type":"article","og_title":"Gestalt psihoterapija - IdArt","og_description":"Psihoterapija daje prostor za istra\u017eivanje i izgradnju sebe u smjeru u kojem se osje\u0107amo dobro te je prisutan individualizirani pristup.","og_url":"https:\/\/idartprocess.com\/?page_id=78","og_site_name":"IdArt","article_modified_time":"2025-11-17T12:38:49+00:00","og_image":[{"width":2560,"height":1920,"url":"https:\/\/idartprocess.com\/wp-content\/uploads\/2025\/11\/20251113_150639_ured-novo-scaled.jpg","type":"image\/jpeg"}],"twitter_card":"summary_large_image","twitter_misc":{"Est. reading time":"3 minutes"},"schema":{"@context":"https:\/\/schema.org","@graph":[{"@type":"WebPage","@id":"https:\/\/idartprocess.com\/?page_id=78","url":"https:\/\/idartprocess.com\/?page_id=78","name":"Gestalt psihoterapija - IdArt","isPartOf":{"@id":"https:\/\/idartprocess.com\/#website"},"primaryImageOfPage":{"@id":"https:\/\/idartprocess.com\/?page_id=78#primaryimage"},"image":{"@id":"https:\/\/idartprocess.com\/?page_id=78#primaryimage"},"thumbnailUrl":"https:\/\/idartprocess.com\/wp-content\/uploads\/2025\/11\/20251113_150639_ured-novo-300x225.jpg","datePublished":"2023-01-02T19:01:51+00:00","dateModified":"2025-11-17T12:38:49+00:00","description":"Psihoterapija daje prostor za istra\u017eivanje i izgradnju sebe u smjeru u kojem se osje\u0107amo dobro te je prisutan individualizirani pristup.","breadcrumb":{"@id":"https:\/\/idartprocess.com\/?page_id=78#breadcrumb"},"inLanguage":"en-US","potentialAction":[{"@type":"ReadAction","target":["https:\/\/idartprocess.com\/?page_id=78"]}]},{"@type":"ImageObject","inLanguage":"en-US","@id":"https:\/\/idartprocess.com\/?page_id=78#primaryimage","url":"https:\/\/idartprocess.com\/wp-content\/uploads\/2025\/11\/20251113_150639_ured-novo-scaled.jpg","contentUrl":"https:\/\/idartprocess.com\/wp-content\/uploads\/2025\/11\/20251113_150639_ured-novo-scaled.jpg","width":2560,"height":1920},{"@type":"BreadcrumbList","@id":"https:\/\/idartprocess.com\/?page_id=78#breadcrumb","itemListElement":[{"@type":"ListItem","position":1,"name":"Home","item":"https:\/\/idartprocess.com\/"},{"@type":"ListItem","position":2,"name":"Gestalt psihoterapija"}]},{"@type":"WebSite","@id":"https:\/\/idartprocess.com\/#website","url":"https:\/\/idartprocess.com\/","name":"IdArt","description":"obrt za usluge, proizvodnju i trgovinu","potentialAction":[{"@type":"SearchAction","target":{"@type":"EntryPoint","urlTemplate":"https:\/\/idartprocess.com\/?s={search_term_string}"},"query-input":{"@type":"PropertyValueSpecification","valueRequired":true,"valueName":"search_term_string"}}],"inLanguage":"en-US"}]}},"_links":{"self":[{"href":"https:\/\/idartprocess.com\/index.php?rest_route=\/wp\/v2\/pages\/78","targetHints":{"allow":["GET"]}}],"collection":[{"href":"https:\/\/idartprocess.com\/index.php?rest_route=\/wp\/v2\/pages"}],"about":[{"href":"https:\/\/idartprocess.com\/index.php?rest_route=\/wp\/v2\/types\/page"}],"author":[{"embeddable":true,"href":"https:\/\/idartprocess.com\/index.php?rest_route=\/wp\/v2\/users\/2"}],"replies":[{"embeddable":true,"href":"https:\/\/idartprocess.com\/index.php?rest_route=%2Fwp%2Fv2%2Fcomments&post=78"}],"version-history":[{"count":11,"href":"https:\/\/idartprocess.com\/index.php?rest_route=\/wp\/v2\/pages\/78\/revisions"}],"predecessor-version":[{"id":238,"href":"https:\/\/idartprocess.com\/index.php?rest_route=\/wp\/v2\/pages\/78\/revisions\/238"}],"wp:attachment":[{"href":"https:\/\/idartprocess.com\/index.php?rest_route=%2Fwp%2Fv2%2Fmedia&parent=78"}],"curies":[{"name":"wp","href":"https:\/\/api.w.org\/{rel}","templated":true}]}}