{"id":6,"date":"2022-12-01T15:13:57","date_gmt":"2022-12-01T15:13:57","guid":{"rendered":"https:\/\/idartprocess.com\/?page_id=6"},"modified":"2025-11-17T12:14:55","modified_gmt":"2025-11-17T12:14:55","slug":"dodiksebi-uz-idart-process","status":"publish","type":"page","link":"https:\/\/idartprocess.com\/","title":{"rendered":"IdArt process&#8230;#do\u0111iksebi"},"content":{"rendered":"\n<hr class=\"wp-block-separator has-alpha-channel-opacity is-style-wide\"\/>\n\n\n\n<div class=\"wp-block-columns is-layout-flex wp-container-core-columns-is-layout-9d6595d7 wp-block-columns-is-layout-flex\">\n<div class=\"wp-block-column is-layout-flow wp-block-column-is-layout-flow\">\n<p><\/p>\n<\/div>\n\n\n\n<div class=\"wp-block-column is-layout-flow wp-block-column-is-layout-flow\">\n<figure class=\"wp-block-image size-full\"><img loading=\"lazy\" decoding=\"async\" width=\"626\" height=\"419\" src=\"https:\/\/idartprocess.com\/wp-content\/uploads\/2023\/01\/Logo_2023-1.jpg\" alt=\"\" class=\"wp-image-31\" srcset=\"https:\/\/idartprocess.com\/wp-content\/uploads\/2023\/01\/Logo_2023-1.jpg 626w, https:\/\/idartprocess.com\/wp-content\/uploads\/2023\/01\/Logo_2023-1-300x201.jpg 300w\" sizes=\"auto, (max-width: 626px) 100vw, 626px\" \/><\/figure>\n<\/div>\n\n\n\n<div class=\"wp-block-column is-layout-flow wp-block-column-is-layout-flow\"><\/div>\n<\/div>\n\n\n\n<p class=\"has-text-align-center has-black-color has-text-color has-link-color wp-elements-5542a8fee57d8149e2d7591961e63416\"><strong>Psihoterapija, savjetovanje, individualni i grupni rad <\/strong>uz IdArt process<\/p>\n\n\n\n<p class=\"has-text-align-center\">\u017deli\u0161 <strong>odre\u0111enu osobnu promjenu u svom \u017eivotu<\/strong>?<\/p>\n\n\n\n<p class=\"has-text-align-center\">\u017deli\u0161 da tvoj <strong>partnerski odnos postane sigurnije i ugodnije mjesto<\/strong> za tebe i partnera\/icu?<br><strong>Ne zna\u0161 navesti koju promjenu \u017eeli\u0161<\/strong> i istovremeno osje\u0107a\u0161 da te ne\u0161to &#8220;\u017eulja&#8221;? <\/p>\n\n\n\n<p class=\"has-text-align-center\">I to je u redu.<\/p>\n\n\n\n<p class=\"has-text-align-center\">Ovdje ima\u0161 priliku nau\u010diti, otkriti, saznati, odabrati&#8230;i ti.<\/p>\n\n\n\n<p class=\"has-text-align-center\"><em><strong>Kako krenuti?<\/strong> <\/em><\/p>\n\n\n\n<p class=\"has-text-align-center\" style=\"font-style:normal;font-weight:700\">Za podr\u0161ku i informacije se mo\u017ee\u0161 javiti na IdArt process kontakte: e-mail: idartprocess@gmail.com,<\/p>\n\n\n\n<p class=\"has-text-align-center\" style=\"font-style:normal;font-weight:700\">ili telefonskim pozivom na broj 098\/462-657.<\/p>\n\n\n\n<p class=\"has-text-align-center\">Radno vrijeme je prema prethodnom dogovoru.<\/p>\n\n\n\n<div class=\"wp-block-cover alignfull has-custom-content-position is-position-center-left\"><img loading=\"lazy\" decoding=\"async\" width=\"2560\" height=\"1920\" class=\"wp-block-cover__image-background wp-image-22\" alt=\"\" src=\"https:\/\/idartprocess.com\/wp-content\/uploads\/2023\/01\/20221102_144246-scaled.jpg\" style=\"object-position:57% 63%\" data-object-fit=\"cover\" data-object-position=\"57% 63%\" srcset=\"https:\/\/idartprocess.com\/wp-content\/uploads\/2023\/01\/20221102_144246-scaled.jpg 2560w, https:\/\/idartprocess.com\/wp-content\/uploads\/2023\/01\/20221102_144246-300x225.jpg 300w, https:\/\/idartprocess.com\/wp-content\/uploads\/2023\/01\/20221102_144246-1024x768.jpg 1024w, https:\/\/idartprocess.com\/wp-content\/uploads\/2023\/01\/20221102_144246-768x576.jpg 768w, https:\/\/idartprocess.com\/wp-content\/uploads\/2023\/01\/20221102_144246-1536x1152.jpg 1536w, https:\/\/idartprocess.com\/wp-content\/uploads\/2023\/01\/20221102_144246-2048x1536.jpg 2048w\" sizes=\"auto, (max-width: 2560px) 100vw, 2560px\" \/><span aria-hidden=\"true\" class=\"wp-block-cover__background has-background-dim-60 has-background-dim\"><\/span><div class=\"wp-block-cover__inner-container is-layout-flow wp-block-cover-is-layout-flow\">\n<h2 class=\"wp-block-heading has-text-align-left has-large-font-size\">Savjetovanje &#8211; partnersko i individualno<\/h2>\n\n\n\n<hr class=\"wp-block-separator has-alpha-channel-opacity is-style-wide\"\/>\n\n\n\n<p class=\"has-small-font-size\">Te\u0161ko se nosite sa izazovima i problemskim situacijama i\/ili ste nesigurni u vlastite ideje vezano za rje\u0161avanje istih u odre\u0111enom \u017eivotnom razdoblju? Osje\u0107ate da \u017eelite raditi na sebi, mo\u017eda ve\u0107 \u010ditate povezanu literaturu no nemate dojam da se promjene doga\u0111aju? <br>Osje\u0107ate da nemate dovoljno (odgovaraju\u0107e) podr\u0161ke u okolini u no\u0161enju s navedenim i treba vam dodatna podr\u0161ka?<\/p>\n\n\n\n<p class=\"has-small-font-size\">Kroz proces savjetovanja (individualno ili za parove) uz individualizirani pristup u IdArtu dobivate:<\/p>\n\n\n\n<p class=\"has-small-font-size\">&#8211; stru\u010dnu <strong>podr\u0161ku za va\u0161e potencijale<\/strong> u no\u0161enju s izazovima.<br>&#8211; stru\u010dnu podr\u0161ku u procesu<strong> razvijanja vlastitih rje\u0161enja<\/strong> koji su najbolji za vas i va\u0161u situaciju, a kako biste do\u0161li do \u017eeljene promjene.<br>&#8211; <strong>slobodu odlu\u010divanja<\/strong> kao i <strong>osobnu odgovornost<\/strong> u procesu rada na sebi &#8211; posebno pri dono\u0161enju odluka i izbora rje\u0161enja najboljih za vas.<br>&#8211; broj susreta ovisno o situaciji \u2013 od jednog do nekoliko susreta.<\/p>\n\n\n\n<p class=\"has-white-color has-text-color has-link-color has-small-font-size wp-elements-e10463fc0110cf031153ef2dd3f46822\" style=\"font-style:normal;font-weight:300\"><\/p>\n<\/div><\/div>\n\n\n\n<div style=\"height:10px\" aria-hidden=\"true\" class=\"wp-block-spacer\"><\/div>\n\n\n\n<div class=\"wp-block-cover alignfull\"><img loading=\"lazy\" decoding=\"async\" width=\"2560\" height=\"1920\" class=\"wp-block-cover__image-background wp-image-23\" alt=\"\" src=\"https:\/\/idartprocess.com\/wp-content\/uploads\/2023\/01\/20221102_141845-scaled.jpg\" style=\"object-position:58% 74%\" data-object-fit=\"cover\" data-object-position=\"58% 74%\" srcset=\"https:\/\/idartprocess.com\/wp-content\/uploads\/2023\/01\/20221102_141845-scaled.jpg 2560w, https:\/\/idartprocess.com\/wp-content\/uploads\/2023\/01\/20221102_141845-300x225.jpg 300w, https:\/\/idartprocess.com\/wp-content\/uploads\/2023\/01\/20221102_141845-1024x768.jpg 1024w, https:\/\/idartprocess.com\/wp-content\/uploads\/2023\/01\/20221102_141845-768x576.jpg 768w, https:\/\/idartprocess.com\/wp-content\/uploads\/2023\/01\/20221102_141845-1536x1152.jpg 1536w, https:\/\/idartprocess.com\/wp-content\/uploads\/2023\/01\/20221102_141845-2048x1536.jpg 2048w\" sizes=\"auto, (max-width: 2560px) 100vw, 2560px\" \/><span aria-hidden=\"true\" class=\"wp-block-cover__background has-background-dim-60 has-background-dim\"><\/span><div class=\"wp-block-cover__inner-container is-layout-flow wp-block-cover-is-layout-flow\">\n<h2 class=\"wp-block-heading has-text-align-left has-large-font-size\">Gestalt psihoterapija<\/h2>\n\n\n\n<hr class=\"wp-block-separator has-alpha-channel-opacity is-style-wide\"\/>\n\n\n\n<p class=\"has-small-font-size\">\u017delite u\u010diti o sebi, otkrivati i razvijati vlastite potencijale, \u017eivjeti \u017eivot po vlastitoj mjeri?<\/p>\n\n\n\n<p class=\"has-small-font-size\">Spremni ste odvojiti vi\u0161e vremena za istra\u017eivanje sebe i dolazak do \u017eivotnih promjena (od nekoliko mjeseci do nekoliko godina)?<\/p>\n\n\n\n<p class=\"has-small-font-size\">&#8211; Lo\u0161a slika o sebi, nisko samopouzadnje, problemi u odnosima (posebno u onima koji su vam va\u017eni), pro\u017eivljeno traumatsko ili visokostresno iskustvo, \u017eivotni gubici i prekretnice, stres, nesanica, nezadovoljstvo itd. samo su neki od primjera okolnosti\/simptoma koji mogu umanjiti kvalitetu \u017eivota. <\/p>\n\n\n\n<p class=\"has-small-font-size\">Gestalt psihoterapija je proces kroz koji imate mogu\u0107nost poraditi na gore navedenim podru\u010djima, izvorima simptoma te pove\u0107ati razinu kvalitete vlastitog \u017eivota.<\/p>\n\n\n\n<p class=\"has-white-color has-text-color has-small-font-size\">Detalje o procesu gestalt psihoterapije mo\u017eete saznati klikom na:<\/p>\n\n\n\n<div class=\"wp-block-buttons is-layout-flex wp-block-buttons-is-layout-flex\">\n<div class=\"wp-block-button\"><a class=\"wp-block-button__link wp-element-button\" href=\"https:\/\/idartprocess.com\/?page_id=78\">Vi\u0161e o psihoterapiji<\/a><\/div>\n<\/div>\n<\/div><\/div>\n\n\n\n<div style=\"height:10px\" aria-hidden=\"true\" class=\"wp-block-spacer\"><\/div>\n\n\n\n<div class=\"wp-block-cover alignfull has-custom-content-position is-position-center-right\"><img loading=\"lazy\" decoding=\"async\" width=\"2560\" height=\"1765\" class=\"wp-block-cover__image-background wp-image-72\" alt=\"\" src=\"https:\/\/idartprocess.com\/wp-content\/uploads\/2023\/01\/20221030_132540-scaled.jpg\" style=\"object-position:61% 95%\" data-object-fit=\"cover\" data-object-position=\"61% 95%\" srcset=\"https:\/\/idartprocess.com\/wp-content\/uploads\/2023\/01\/20221030_132540-scaled.jpg 2560w, https:\/\/idartprocess.com\/wp-content\/uploads\/2023\/01\/20221030_132540-300x207.jpg 300w, https:\/\/idartprocess.com\/wp-content\/uploads\/2023\/01\/20221030_132540-1024x706.jpg 1024w, https:\/\/idartprocess.com\/wp-content\/uploads\/2023\/01\/20221030_132540-768x530.jpg 768w, https:\/\/idartprocess.com\/wp-content\/uploads\/2023\/01\/20221030_132540-1536x1059.jpg 1536w, https:\/\/idartprocess.com\/wp-content\/uploads\/2023\/01\/20221030_132540-2048x1412.jpg 2048w\" sizes=\"auto, (max-width: 2560px) 100vw, 2560px\" \/><span aria-hidden=\"true\" class=\"wp-block-cover__background has-background-dim-80 has-background-dim\"><\/span><div class=\"wp-block-cover__inner-container is-layout-flow wp-block-cover-is-layout-flow\">\n<h2 class=\"wp-block-heading has-text-align-left has-large-font-size\">Osobni razvoj &#8211; grupni rad<\/h2>\n\n\n\n<hr class=\"wp-block-separator has-alpha-channel-opacity is-style-wide\"\/>\n\n\n\n<p class=\"has-text-align-left has-small-font-size\">Grupni rad (do 6 sudionika) provodi se prema odre\u0111enim tematskim cjelinama unutar kojih kao klijenti imate mogu\u0107nost:<\/p>\n\n\n\n<p class=\"has-text-align-left has-small-font-size\">&#8211; <strong>istra\u017eiti odre\u0111enu temu<\/strong> kroz razgovor, tu\u0111a iskustva, kreativne tehnike (asocijativne  karte, crtanje, kola\u017e, pisanje, pokret i sli\u010dno) <br>&#8211; dobiti<strong> podr\u0161ku voditelja i \u010dlanova grupe<\/strong> za svoje iskustvo<br>&#8211; otkriti <strong>nove perspektive<\/strong> vezano za odre\u0111ene teme i stavove<br>&#8211; <strong>osvjestiti odre\u0111ene obrasce<\/strong> pona\u0161anja<br>&#8211; <strong>nau\u010diti<\/strong> o (vlastitim) unutarnjim procesima i odnosima<br>&#8211; dobiti <strong>uvid u alate samopodr\u0161ke<\/strong><\/p>\n<\/div><\/div>\n\n\n\n<hr class=\"wp-block-separator has-alpha-channel-opacity is-style-wide\"\/>\n\n\n\n<h2 class=\"wp-block-heading has-black-color has-text-color\"><strong>KONTAKT<\/strong><\/h2>\n\n\n\n<p>email: idartprocess@gmail.com<\/p>\n\n\n\n<p>mobitel: 098 462 657<\/p>\n","protected":false},"excerpt":{"rendered":"<p>Psihoterapija, savjetovanje, individualni i grupni rad uz IdArt process \u017deli\u0161 odre\u0111enu osobnu promjenu u svom \u017eivotu? \u017deli\u0161 da tvoj partnerski odnos postane sigurnije i ugodnije mjesto za tebe i partnera\/icu?Ne zna\u0161 navesti koju promjenu \u017eeli\u0161 i istovremeno osje\u0107a\u0161 da te ne\u0161to &#8220;\u017eulja&#8221;? I to je u redu. Ovdje ima\u0161 priliku nau\u010diti, otkriti, saznati, odabrati&#8230;i ti. [&hellip;]<\/p>\n","protected":false},"author":1,"featured_media":0,"parent":0,"menu_order":0,"comment_status":"closed","ping_status":"closed","template":"","meta":{"footnotes":""},"class_list":["post-6","page","type-page","status-publish","hentry"],"yoast_head":"<!-- This site is optimized with the Yoast SEO plugin v27.5 - https:\/\/yoast.com\/product\/yoast-seo-wordpress\/ -->\n<title>IdArt process...#do\u0111iksebi - IdArt<\/title>\n<meta name=\"description\" content=\"Zanima vas rad na sebi i kako po\u010deti - IdArt je pravo mjesto da saznate \u0161to vas zanima, brine vezano za process rada na sebi. I da krenete!\" \/>\n<meta name=\"robots\" content=\"index, follow, max-snippet:-1, max-image-preview:large, max-video-preview:-1\" \/>\n<link rel=\"canonical\" href=\"https:\/\/idartprocess.com\/\" \/>\n<meta property=\"og:locale\" content=\"en_US\" \/>\n<meta property=\"og:type\" content=\"article\" \/>\n<meta property=\"og:title\" content=\"IdArt process...#do\u0111iksebi - IdArt\" \/>\n<meta property=\"og:description\" content=\"Zanima vas rad na sebi i kako po\u010deti - IdArt je pravo mjesto da saznate \u0161to vas zanima, brine vezano za process rada na sebi. I da krenete!\" \/>\n<meta property=\"og:url\" content=\"https:\/\/idartprocess.com\/\" \/>\n<meta property=\"og:site_name\" content=\"IdArt\" \/>\n<meta property=\"article:modified_time\" content=\"2025-11-17T12:14:55+00:00\" \/>\n<meta property=\"og:image\" content=\"https:\/\/idartprocess.com\/wp-content\/uploads\/2023\/01\/Logo_2023-1.jpg\" \/>\n\t<meta property=\"og:image:width\" content=\"626\" \/>\n\t<meta property=\"og:image:height\" content=\"419\" \/>\n\t<meta property=\"og:image:type\" content=\"image\/jpeg\" \/>\n<meta name=\"twitter:card\" content=\"summary_large_image\" \/>\n<meta name=\"twitter:label1\" content=\"Est. reading time\" \/>\n\t<meta name=\"twitter:data1\" content=\"3 minutes\" \/>\n<script type=\"application\/ld+json\" class=\"yoast-schema-graph\">{\"@context\":\"https:\\\/\\\/schema.org\",\"@graph\":[{\"@type\":\"WebPage\",\"@id\":\"https:\\\/\\\/idartprocess.com\\\/\",\"url\":\"https:\\\/\\\/idartprocess.com\\\/\",\"name\":\"IdArt process...#do\u0111iksebi - IdArt\",\"isPartOf\":{\"@id\":\"https:\\\/\\\/idartprocess.com\\\/#website\"},\"primaryImageOfPage\":{\"@id\":\"https:\\\/\\\/idartprocess.com\\\/#primaryimage\"},\"image\":{\"@id\":\"https:\\\/\\\/idartprocess.com\\\/#primaryimage\"},\"thumbnailUrl\":\"https:\\\/\\\/idartprocess.com\\\/wp-content\\\/uploads\\\/2023\\\/01\\\/Logo_2023-1.jpg\",\"datePublished\":\"2022-12-01T15:13:57+00:00\",\"dateModified\":\"2025-11-17T12:14:55+00:00\",\"description\":\"Zanima vas rad na sebi i kako po\u010deti - IdArt je pravo mjesto da saznate \u0161to vas zanima, brine vezano za process rada na sebi. I da krenete!\",\"breadcrumb\":{\"@id\":\"https:\\\/\\\/idartprocess.com\\\/#breadcrumb\"},\"inLanguage\":\"en-US\",\"potentialAction\":[{\"@type\":\"ReadAction\",\"target\":[\"https:\\\/\\\/idartprocess.com\\\/\"]}]},{\"@type\":\"ImageObject\",\"inLanguage\":\"en-US\",\"@id\":\"https:\\\/\\\/idartprocess.com\\\/#primaryimage\",\"url\":\"https:\\\/\\\/idartprocess.com\\\/wp-content\\\/uploads\\\/2023\\\/01\\\/Logo_2023-1.jpg\",\"contentUrl\":\"https:\\\/\\\/idartprocess.com\\\/wp-content\\\/uploads\\\/2023\\\/01\\\/Logo_2023-1.jpg\",\"width\":626,\"height\":419},{\"@type\":\"BreadcrumbList\",\"@id\":\"https:\\\/\\\/idartprocess.com\\\/#breadcrumb\",\"itemListElement\":[{\"@type\":\"ListItem\",\"position\":1,\"name\":\"Home\",\"item\":\"https:\\\/\\\/idartprocess.com\\\/\"},{\"@type\":\"ListItem\",\"position\":2,\"name\":\"IdArt process&#8230;#do\u0111iksebi\"}]},{\"@type\":\"WebSite\",\"@id\":\"https:\\\/\\\/idartprocess.com\\\/#website\",\"url\":\"https:\\\/\\\/idartprocess.com\\\/\",\"name\":\"IdArt\",\"description\":\"obrt za usluge, proizvodnju i trgovinu\",\"potentialAction\":[{\"@type\":\"SearchAction\",\"target\":{\"@type\":\"EntryPoint\",\"urlTemplate\":\"https:\\\/\\\/idartprocess.com\\\/?s={search_term_string}\"},\"query-input\":{\"@type\":\"PropertyValueSpecification\",\"valueRequired\":true,\"valueName\":\"search_term_string\"}}],\"inLanguage\":\"en-US\"}]}<\/script>\n<!-- \/ Yoast SEO plugin. -->","yoast_head_json":{"title":"IdArt process...#do\u0111iksebi - IdArt","description":"Zanima vas rad na sebi i kako po\u010deti - IdArt je pravo mjesto da saznate \u0161to vas zanima, brine vezano za process rada na sebi. I da krenete!","robots":{"index":"index","follow":"follow","max-snippet":"max-snippet:-1","max-image-preview":"max-image-preview:large","max-video-preview":"max-video-preview:-1"},"canonical":"https:\/\/idartprocess.com\/","og_locale":"en_US","og_type":"article","og_title":"IdArt process...#do\u0111iksebi - IdArt","og_description":"Zanima vas rad na sebi i kako po\u010deti - IdArt je pravo mjesto da saznate \u0161to vas zanima, brine vezano za process rada na sebi. I da krenete!","og_url":"https:\/\/idartprocess.com\/","og_site_name":"IdArt","article_modified_time":"2025-11-17T12:14:55+00:00","og_image":[{"width":626,"height":419,"url":"https:\/\/idartprocess.com\/wp-content\/uploads\/2023\/01\/Logo_2023-1.jpg","type":"image\/jpeg"}],"twitter_card":"summary_large_image","twitter_misc":{"Est. reading time":"3 minutes"},"schema":{"@context":"https:\/\/schema.org","@graph":[{"@type":"WebPage","@id":"https:\/\/idartprocess.com\/","url":"https:\/\/idartprocess.com\/","name":"IdArt process...#do\u0111iksebi - IdArt","isPartOf":{"@id":"https:\/\/idartprocess.com\/#website"},"primaryImageOfPage":{"@id":"https:\/\/idartprocess.com\/#primaryimage"},"image":{"@id":"https:\/\/idartprocess.com\/#primaryimage"},"thumbnailUrl":"https:\/\/idartprocess.com\/wp-content\/uploads\/2023\/01\/Logo_2023-1.jpg","datePublished":"2022-12-01T15:13:57+00:00","dateModified":"2025-11-17T12:14:55+00:00","description":"Zanima vas rad na sebi i kako po\u010deti - IdArt je pravo mjesto da saznate \u0161to vas zanima, brine vezano za process rada na sebi. I da krenete!","breadcrumb":{"@id":"https:\/\/idartprocess.com\/#breadcrumb"},"inLanguage":"en-US","potentialAction":[{"@type":"ReadAction","target":["https:\/\/idartprocess.com\/"]}]},{"@type":"ImageObject","inLanguage":"en-US","@id":"https:\/\/idartprocess.com\/#primaryimage","url":"https:\/\/idartprocess.com\/wp-content\/uploads\/2023\/01\/Logo_2023-1.jpg","contentUrl":"https:\/\/idartprocess.com\/wp-content\/uploads\/2023\/01\/Logo_2023-1.jpg","width":626,"height":419},{"@type":"BreadcrumbList","@id":"https:\/\/idartprocess.com\/#breadcrumb","itemListElement":[{"@type":"ListItem","position":1,"name":"Home","item":"https:\/\/idartprocess.com\/"},{"@type":"ListItem","position":2,"name":"IdArt process&#8230;#do\u0111iksebi"}]},{"@type":"WebSite","@id":"https:\/\/idartprocess.com\/#website","url":"https:\/\/idartprocess.com\/","name":"IdArt","description":"obrt za usluge, proizvodnju i trgovinu","potentialAction":[{"@type":"SearchAction","target":{"@type":"EntryPoint","urlTemplate":"https:\/\/idartprocess.com\/?s={search_term_string}"},"query-input":{"@type":"PropertyValueSpecification","valueRequired":true,"valueName":"search_term_string"}}],"inLanguage":"en-US"}]}},"_links":{"self":[{"href":"https:\/\/idartprocess.com\/index.php?rest_route=\/wp\/v2\/pages\/6","targetHints":{"allow":["GET"]}}],"collection":[{"href":"https:\/\/idartprocess.com\/index.php?rest_route=\/wp\/v2\/pages"}],"about":[{"href":"https:\/\/idartprocess.com\/index.php?rest_route=\/wp\/v2\/types\/page"}],"author":[{"embeddable":true,"href":"https:\/\/idartprocess.com\/index.php?rest_route=\/wp\/v2\/users\/1"}],"replies":[{"embeddable":true,"href":"https:\/\/idartprocess.com\/index.php?rest_route=%2Fwp%2Fv2%2Fcomments&post=6"}],"version-history":[{"count":35,"href":"https:\/\/idartprocess.com\/index.php?rest_route=\/wp\/v2\/pages\/6\/revisions"}],"predecessor-version":[{"id":233,"href":"https:\/\/idartprocess.com\/index.php?rest_route=\/wp\/v2\/pages\/6\/revisions\/233"}],"wp:attachment":[{"href":"https:\/\/idartprocess.com\/index.php?rest_route=%2Fwp%2Fv2%2Fmedia&parent=6"}],"curies":[{"name":"wp","href":"https:\/\/api.w.org\/{rel}","templated":true}]}}