{"id":172,"date":"2023-01-16T14:10:41","date_gmt":"2023-01-16T14:10:41","guid":{"rendered":"https:\/\/idartprocess.com\/?page_id=172"},"modified":"2023-01-16T14:10:42","modified_gmt":"2023-01-16T14:10:42","slug":"izjava-o-privatnosti-idart","status":"publish","type":"page","link":"https:\/\/idartprocess.com\/?page_id=172","title":{"rendered":"Izjava o privatnosti &#8211; IdArt"},"content":{"rendered":"\n<p class=\"has-cyan-bluish-gray-background-color has-background\">Izjava o privatnosti &#8211; <strong>Idart obrt za usluge, proizvodnju i trgovinu, vl. Ida Jakovac<\/strong> (u daljnjem tekstu: Obrt), vlasnik je web stranice idartprocess.com te brine o za\u0161titi privatnosti pri obradi Va\u0161ih osobnih podataka. Svi osobni podaci prikupljeni tijekom posjeta na\u0161im internet stranicama obra\u0111uju se u skladu sa va\u017ee\u0107im zakonima. Web stranica uklju\u010duje veze na druge internet stranice, \u010diji sadr\u017eaj nije pod kontrolom Obrta. Obrt ne mo\u017ee prihvatiti nikakvu odgovornost za sadr\u017eaj tih internet stranica.<\/p>\n\n\n\n<h2 class=\"wp-block-heading\">Prikupljanje i obrada osobnih podataka<\/h2>\n\n\n\n<p class=\"has-cyan-bluish-gray-background-color has-background\">Osobni podatak jest svaki podatak koji se odnosi na pojedinca \u010diji je identitet poznat ili se mo\u017ee utvrditi. Osobni podaci utvr\u0111uju se pomo\u0107u identifikatora \u0161to su ime, identifikacijski broj, podaci o lokaciji, mre\u017eni identifikator ili uz pomo\u0107 jednog ili vi\u0161e \u010dimbenika svojstvenih za fizi\u010dki, fiziolo\u0161ki, genetski, mentalni, ekonomski, kulturni ili socijalni identitet tog pojedinca. Va\u0161e osobne podatke prikupljamo samo uz Va\u0161u privolu, kada ispunite obrazac ili prilikom prijave na newsletter. Prilikom posjete na\u0161oj internet stranici, na\u0161 internet poslu\u017eitelj automatski bilje\u017ei ime va\u0161eg davatelja internet usluga, internet stranice s koje nas posje\u0107ujete, internet stranice koje zapravo posje\u0107ujete te datum i trajanje Va\u0161eg posjeta. Dodatni osobni podaci pohranjuju se isklju\u010divo uz Va\u0161u privolu, na primjer, u slu\u010daju registracije, komunikacije, kori\u0161tenja usluga, ankete, natje\u010daja ili izvr\u0161enja ugovora.<\/p>\n\n\n\n<p class=\"has-cyan-bluish-gray-background-color has-background\">Prikupljene podatke obra\u0111ujemo:<\/p>\n\n\n\n<ul class=\"wp-block-list\">\n<li>U svrhe temeljem izvr\u0161enja usluga, ugovora i predugovornih radnji<\/li>\n\n\n\n<li>U svrhe unutar okvira legitimnog interesa na\u0161e strane ili tre\u0107ih strana<\/li>\n\n\n\n<li>U svrhe u okviru Va\u0161e privole<\/li>\n\n\n\n<li>U svrhe koje se odnose na po\u0161tivanje pravnih obaveza<\/li>\n<\/ul>\n\n\n\n<h2 class=\"wp-block-heading\">Prijenos podataka tre\u0107im stranama<\/h2>\n\n\n\n<p class=\"has-cyan-bluish-gray-background-color has-background\">Proslje\u0111ivanje Va\u0161ih osobnih podataka neovla\u0161tenim tre\u0107im stranama osim Idart obrt za usluge, proizvodnju i trgovinu, vl. Ida Jakovac je isklju\u010deno. Pa\u017eljivo biramo na\u0161e suradnike i poslovne partnere, kako bismo u potpunosti za\u0161titili Va\u0161e podatke i brinuli o Va\u0161oj privatnosti.<\/p>\n\n\n\n<h2 class=\"wp-block-heading\">Kori\u0161tenje \u201ekola\u010di\u0107a\u201c<\/h2>\n\n\n\n<p class=\"has-cyan-bluish-gray-background-color has-background\">Kada koristite stranice, mo\u017eemo stvoriti &#8220;kola\u010di\u0107e&#8221; na va\u0161em ra\u010dunalu da bismo vam olak\u0161ali kori\u0161tenje i odr\u017eavanje korisni\u010dke sesije i mo\u017eemo prikupiti osobne podatke pomo\u0107u tih kola\u010di\u0107a da bismo vas mogli identificirati vezano uz ove stranice i pratiti va\u0161e kori\u0161tenje stranica sukladno ovim pravilima.<\/p>\n\n\n\n<p class=\"has-cyan-bluish-gray-background-color has-background\">Za vi\u0161e informacija o na\u010dinu kori\u0161tenja \u201ekola\u010di\u0107a\u201c pro\u010ditajte na\u0161u politiku o \u201ekola\u010di\u0107ima\u201c.<\/p>\n\n\n\n<h2 class=\"wp-block-heading\">Google Analytics<\/h2>\n\n\n\n<p class=\"has-cyan-bluish-gray-background-color has-background\">Koristimo uslugu web analize tvrtke Google Inc \u2013 Google Analytics, koja koristi \u201ekola\u010di\u0107e\u201c pohranjene na Va\u0161em ra\u010dunalu pomo\u0107u kojih se omogu\u0107uje analiza web stranice preko Vas. Dobivene informacije koristi Google za ocjenu Va\u0161eg kori\u0161tenja stranice, sastavljanje izvje\u0161taja o aktivnostima web stranice i za pribavljanje daljnjih usluga s kori\u0161tenjem web stranice i interneta.<\/p>\n\n\n\n<h2 class=\"wp-block-heading\">Razdoblje pohrane<\/h2>\n\n\n\n<p class=\"has-cyan-bluish-gray-background-color has-background\">Va\u0161i podaci pohranjeni su u na\u0161oj bazi za \u010ditavo vrijeme Va\u0161eg trajanja na\u0161eg poslovnog odnosa i zakonskih obaveza u okviru na\u0161eg poslovanja.<\/p>\n\n\n\n<p class=\"has-cyan-bluish-gray-background-color has-background\">Nakon isteka isporuke usluge, ugovornog odnosa i zakonskih obaveza Va\u0161i osobni podaci se anonimiziraju. Postoji mogu\u0107nost potrebe daljnje pohrane Va\u0161ih podataka na odre\u0111eno razdoblje, sukladno propisima o trgova\u010dkim dru\u0161tvima, poreznim ili drugim propisima. U tom slu\u010daju, Va\u0161i podaci se ne\u0107e vi\u0161e ne\u0107e obra\u0111ivati u druge svrhe osim ako niste izri\u010dito zatra\u017eili\/pristali.<\/p>\n\n\n\n<h2 class=\"wp-block-heading\">Va\u0161a prava<\/h2>\n\n\n\n<p class=\"has-cyan-bluish-gray-background-color has-background\">Na Va\u0161 \u0107emo Vas zahtjev izvijestiti o tome obra\u0111uju li se osobni podaci o Vama i koji su to podaci. Ukoliko su ispunjeni svi zakonski preduvjeti, imate pravo na ispravak, brisanje ili ograni\u010davanje obrade osobnih podataka. Tako\u0111er, imate pravo dobiti podatke koje ste nam stavili na raspolaganje u strukturiranom, aktualnom i strojno \u010ditljivom formatu; te mo\u017eete zatra\u017eiti prijenos tih podataka Vama ili tre\u0107im stranama. Du\u017eni smo odgovoriti na Va\u0161 zahtjev unutar mjesec dana od dana primitka Va\u0161eg zahtjeva, ukoliko nije tra\u017eeno du\u017ee vremensko razdoblje za isto, u kojem slu\u010daju isto razdoblje ne smije prema\u0161ivati 2 mjeseca. Tako\u0111er, imate pravo podnijeti pritu\u017ebu Agenciji za za\u0161titu osobnih podataka, Marti\u0107eva 14, 10000 Zagreb, www.azop.hr, ukoliko sumnjate na povredu u postupku obrade Va\u0161ih osobnih podataka.<\/p>\n\n\n<div class=\"wp-block-image\">\n<figure class=\"aligncenter size-large\"><img loading=\"lazy\" decoding=\"async\" width=\"1024\" height=\"585\" src=\"https:\/\/idartprocess.com\/wp-content\/uploads\/2023\/01\/1-1024x585.png\" alt=\"Izjava o privatnosti IdArt\" class=\"wp-image-175\" srcset=\"https:\/\/idartprocess.com\/wp-content\/uploads\/2023\/01\/1-1024x585.png 1024w, https:\/\/idartprocess.com\/wp-content\/uploads\/2023\/01\/1-300x171.png 300w, https:\/\/idartprocess.com\/wp-content\/uploads\/2023\/01\/1-768x439.png 768w, https:\/\/idartprocess.com\/wp-content\/uploads\/2023\/01\/1.png 1050w\" sizes=\"auto, (max-width: 1024px) 100vw, 1024px\" \/><figcaption class=\"wp-element-caption\">Izjava o privatnosti<\/figcaption><\/figure><\/div>","protected":false},"excerpt":{"rendered":"<p>Izjava o privatnosti &#8211; Idart obrt za usluge, proizvodnju i trgovinu, vl. Ida Jakovac (u daljnjem tekstu: Obrt), vlasnik je web stranice idartprocess.com te brine o za\u0161titi privatnosti pri obradi Va\u0161ih osobnih podataka. Svi osobni podaci prikupljeni tijekom posjeta na\u0161im internet stranicama obra\u0111uju se u skladu sa va\u017ee\u0107im zakonima. Web stranica uklju\u010duje veze na druge [&hellip;]<\/p>\n","protected":false},"author":2,"featured_media":0,"parent":6,"menu_order":0,"comment_status":"closed","ping_status":"closed","template":"","meta":{"footnotes":""},"class_list":["post-172","page","type-page","status-publish","hentry"],"yoast_head":"<!-- This site is optimized with the Yoast SEO plugin v27.5 - https:\/\/yoast.com\/product\/yoast-seo-wordpress\/ -->\n<title>Izjava o privatnosti - IdArt<\/title>\n<meta name=\"description\" content=\"Izjava o privatnosti - Idart obrt za usluge, proizvodnju i trgovinu, vl. Ida Jakovac vlasnik je web stranice idartprocess.com.\" \/>\n<meta name=\"robots\" content=\"index, follow, max-snippet:-1, max-image-preview:large, max-video-preview:-1\" \/>\n<link rel=\"canonical\" href=\"https:\/\/idartprocess.com\/?page_id=172\" \/>\n<meta property=\"og:locale\" content=\"en_US\" \/>\n<meta property=\"og:type\" content=\"article\" \/>\n<meta property=\"og:title\" content=\"Izjava o privatnosti - IdArt\" \/>\n<meta property=\"og:description\" content=\"Izjava o privatnosti - Idart obrt za usluge, proizvodnju i trgovinu, vl. Ida Jakovac vlasnik je web stranice idartprocess.com.\" \/>\n<meta property=\"og:url\" content=\"https:\/\/idartprocess.com\/?page_id=172\" \/>\n<meta property=\"og:site_name\" content=\"IdArt\" \/>\n<meta property=\"article:modified_time\" content=\"2023-01-16T14:10:42+00:00\" \/>\n<meta property=\"og:image\" content=\"https:\/\/idartprocess.com\/wp-content\/uploads\/2023\/01\/1-1024x585.png\" \/>\n<meta name=\"twitter:card\" content=\"summary_large_image\" \/>\n<meta name=\"twitter:label1\" content=\"Est. reading time\" \/>\n\t<meta name=\"twitter:data1\" content=\"3 minutes\" \/>\n<script type=\"application\/ld+json\" class=\"yoast-schema-graph\">{\"@context\":\"https:\\\/\\\/schema.org\",\"@graph\":[{\"@type\":\"WebPage\",\"@id\":\"https:\\\/\\\/idartprocess.com\\\/?page_id=172\",\"url\":\"https:\\\/\\\/idartprocess.com\\\/?page_id=172\",\"name\":\"Izjava o privatnosti - IdArt\",\"isPartOf\":{\"@id\":\"https:\\\/\\\/idartprocess.com\\\/#website\"},\"primaryImageOfPage\":{\"@id\":\"https:\\\/\\\/idartprocess.com\\\/?page_id=172#primaryimage\"},\"image\":{\"@id\":\"https:\\\/\\\/idartprocess.com\\\/?page_id=172#primaryimage\"},\"thumbnailUrl\":\"https:\\\/\\\/idartprocess.com\\\/wp-content\\\/uploads\\\/2023\\\/01\\\/1-1024x585.png\",\"datePublished\":\"2023-01-16T14:10:41+00:00\",\"dateModified\":\"2023-01-16T14:10:42+00:00\",\"description\":\"Izjava o privatnosti - Idart obrt za usluge, proizvodnju i trgovinu, vl. Ida Jakovac vlasnik je web stranice idartprocess.com.\",\"breadcrumb\":{\"@id\":\"https:\\\/\\\/idartprocess.com\\\/?page_id=172#breadcrumb\"},\"inLanguage\":\"en-US\",\"potentialAction\":[{\"@type\":\"ReadAction\",\"target\":[\"https:\\\/\\\/idartprocess.com\\\/?page_id=172\"]}]},{\"@type\":\"ImageObject\",\"inLanguage\":\"en-US\",\"@id\":\"https:\\\/\\\/idartprocess.com\\\/?page_id=172#primaryimage\",\"url\":\"https:\\\/\\\/idartprocess.com\\\/wp-content\\\/uploads\\\/2023\\\/01\\\/1.png\",\"contentUrl\":\"https:\\\/\\\/idartprocess.com\\\/wp-content\\\/uploads\\\/2023\\\/01\\\/1.png\",\"width\":1050,\"height\":600,\"caption\":\"Izjava o privatnosti\"},{\"@type\":\"BreadcrumbList\",\"@id\":\"https:\\\/\\\/idartprocess.com\\\/?page_id=172#breadcrumb\",\"itemListElement\":[{\"@type\":\"ListItem\",\"position\":1,\"name\":\"Home\",\"item\":\"https:\\\/\\\/idartprocess.com\\\/\"},{\"@type\":\"ListItem\",\"position\":2,\"name\":\"IdArt process&#8230;#do\u0111iksebi\",\"item\":\"https:\\\/\\\/idartprocess.com\\\/\"},{\"@type\":\"ListItem\",\"position\":3,\"name\":\"Izjava o privatnosti &#8211; IdArt\"}]},{\"@type\":\"WebSite\",\"@id\":\"https:\\\/\\\/idartprocess.com\\\/#website\",\"url\":\"https:\\\/\\\/idartprocess.com\\\/\",\"name\":\"IdArt\",\"description\":\"obrt za usluge, proizvodnju i trgovinu\",\"potentialAction\":[{\"@type\":\"SearchAction\",\"target\":{\"@type\":\"EntryPoint\",\"urlTemplate\":\"https:\\\/\\\/idartprocess.com\\\/?s={search_term_string}\"},\"query-input\":{\"@type\":\"PropertyValueSpecification\",\"valueRequired\":true,\"valueName\":\"search_term_string\"}}],\"inLanguage\":\"en-US\"}]}<\/script>\n<!-- \/ Yoast SEO plugin. -->","yoast_head_json":{"title":"Izjava o privatnosti - IdArt","description":"Izjava o privatnosti - Idart obrt za usluge, proizvodnju i trgovinu, vl. Ida Jakovac vlasnik je web stranice idartprocess.com.","robots":{"index":"index","follow":"follow","max-snippet":"max-snippet:-1","max-image-preview":"max-image-preview:large","max-video-preview":"max-video-preview:-1"},"canonical":"https:\/\/idartprocess.com\/?page_id=172","og_locale":"en_US","og_type":"article","og_title":"Izjava o privatnosti - IdArt","og_description":"Izjava o privatnosti - Idart obrt za usluge, proizvodnju i trgovinu, vl. Ida Jakovac vlasnik je web stranice idartprocess.com.","og_url":"https:\/\/idartprocess.com\/?page_id=172","og_site_name":"IdArt","article_modified_time":"2023-01-16T14:10:42+00:00","og_image":[{"url":"https:\/\/idartprocess.com\/wp-content\/uploads\/2023\/01\/1-1024x585.png","type":"","width":"","height":""}],"twitter_card":"summary_large_image","twitter_misc":{"Est. reading time":"3 minutes"},"schema":{"@context":"https:\/\/schema.org","@graph":[{"@type":"WebPage","@id":"https:\/\/idartprocess.com\/?page_id=172","url":"https:\/\/idartprocess.com\/?page_id=172","name":"Izjava o privatnosti - IdArt","isPartOf":{"@id":"https:\/\/idartprocess.com\/#website"},"primaryImageOfPage":{"@id":"https:\/\/idartprocess.com\/?page_id=172#primaryimage"},"image":{"@id":"https:\/\/idartprocess.com\/?page_id=172#primaryimage"},"thumbnailUrl":"https:\/\/idartprocess.com\/wp-content\/uploads\/2023\/01\/1-1024x585.png","datePublished":"2023-01-16T14:10:41+00:00","dateModified":"2023-01-16T14:10:42+00:00","description":"Izjava o privatnosti - Idart obrt za usluge, proizvodnju i trgovinu, vl. Ida Jakovac vlasnik je web stranice idartprocess.com.","breadcrumb":{"@id":"https:\/\/idartprocess.com\/?page_id=172#breadcrumb"},"inLanguage":"en-US","potentialAction":[{"@type":"ReadAction","target":["https:\/\/idartprocess.com\/?page_id=172"]}]},{"@type":"ImageObject","inLanguage":"en-US","@id":"https:\/\/idartprocess.com\/?page_id=172#primaryimage","url":"https:\/\/idartprocess.com\/wp-content\/uploads\/2023\/01\/1.png","contentUrl":"https:\/\/idartprocess.com\/wp-content\/uploads\/2023\/01\/1.png","width":1050,"height":600,"caption":"Izjava o privatnosti"},{"@type":"BreadcrumbList","@id":"https:\/\/idartprocess.com\/?page_id=172#breadcrumb","itemListElement":[{"@type":"ListItem","position":1,"name":"Home","item":"https:\/\/idartprocess.com\/"},{"@type":"ListItem","position":2,"name":"IdArt process&#8230;#do\u0111iksebi","item":"https:\/\/idartprocess.com\/"},{"@type":"ListItem","position":3,"name":"Izjava o privatnosti &#8211; IdArt"}]},{"@type":"WebSite","@id":"https:\/\/idartprocess.com\/#website","url":"https:\/\/idartprocess.com\/","name":"IdArt","description":"obrt za usluge, proizvodnju i trgovinu","potentialAction":[{"@type":"SearchAction","target":{"@type":"EntryPoint","urlTemplate":"https:\/\/idartprocess.com\/?s={search_term_string}"},"query-input":{"@type":"PropertyValueSpecification","valueRequired":true,"valueName":"search_term_string"}}],"inLanguage":"en-US"}]}},"_links":{"self":[{"href":"https:\/\/idartprocess.com\/index.php?rest_route=\/wp\/v2\/pages\/172","targetHints":{"allow":["GET"]}}],"collection":[{"href":"https:\/\/idartprocess.com\/index.php?rest_route=\/wp\/v2\/pages"}],"about":[{"href":"https:\/\/idartprocess.com\/index.php?rest_route=\/wp\/v2\/types\/page"}],"author":[{"embeddable":true,"href":"https:\/\/idartprocess.com\/index.php?rest_route=\/wp\/v2\/users\/2"}],"replies":[{"embeddable":true,"href":"https:\/\/idartprocess.com\/index.php?rest_route=%2Fwp%2Fv2%2Fcomments&post=172"}],"version-history":[{"count":2,"href":"https:\/\/idartprocess.com\/index.php?rest_route=\/wp\/v2\/pages\/172\/revisions"}],"predecessor-version":[{"id":176,"href":"https:\/\/idartprocess.com\/index.php?rest_route=\/wp\/v2\/pages\/172\/revisions\/176"}],"up":[{"embeddable":true,"href":"https:\/\/idartprocess.com\/index.php?rest_route=\/wp\/v2\/pages\/6"}],"wp:attachment":[{"href":"https:\/\/idartprocess.com\/index.php?rest_route=%2Fwp%2Fv2%2Fmedia&parent=172"}],"curies":[{"name":"wp","href":"https:\/\/api.w.org\/{rel}","templated":true}]}}