{"id":147,"date":"2023-01-11T13:21:31","date_gmt":"2023-01-11T13:21:31","guid":{"rendered":"https:\/\/idartprocess.com\/?page_id=147"},"modified":"2025-11-25T19:34:08","modified_gmt":"2025-11-25T19:34:08","slug":"cijene","status":"publish","type":"page","link":"https:\/\/idartprocess.com\/?page_id=147","title":{"rendered":"Cijena"},"content":{"rendered":"<div class=\"wp-block-image\">\n<figure class=\"alignleft size-medium\"><img loading=\"lazy\" decoding=\"async\" width=\"300\" height=\"225\" src=\"https:\/\/idartprocess.com\/wp-content\/uploads\/2025\/11\/20251125_201416-1-300x225.jpg\" alt=\"\" class=\"wp-image-263\" srcset=\"https:\/\/idartprocess.com\/wp-content\/uploads\/2025\/11\/20251125_201416-1-300x225.jpg 300w, https:\/\/idartprocess.com\/wp-content\/uploads\/2025\/11\/20251125_201416-1-1024x768.jpg 1024w, https:\/\/idartprocess.com\/wp-content\/uploads\/2025\/11\/20251125_201416-1-768x576.jpg 768w, https:\/\/idartprocess.com\/wp-content\/uploads\/2025\/11\/20251125_201416-1-1536x1152.jpg 1536w, https:\/\/idartprocess.com\/wp-content\/uploads\/2025\/11\/20251125_201416-1-2048x1536.jpg 2048w\" sizes=\"auto, (max-width: 300px) 100vw, 300px\" \/><\/figure><\/div>\n\n\n<p>Jedan susret individualnog savjetovanja\/psihoterapije traje 60min, partnerskog savjetovanja 90min dok trajanje grupe ovisi o temi i uvjetima svake pojedine radionice.<\/p>\n\n\n\n<ul class=\"wp-block-list\">\n<li>Usluga gestalt psihoterapije (60 minuta) &#8211; 55\u20ac<\/li>\n\n\n\n<li>Usluga savjetovanja (60 minuta) &#8211; 55\u20ac<\/li>\n\n\n\n<li>Usluga partnerskog savjetovanja (90min) &#8211; 70\u20ac<\/li>\n\n\n\n<li>Grupni rad &#8211; trajanje i cijena \u0107e biti formirane ovisno o uvjetima odr\u017eavanja svake pojedine radionice te \u0107e biti prikazana na stranici u najavi same radionice.<\/li>\n<\/ul>\n\n\n\n<p class=\"has-text-color\" style=\"color:#e96100\"><strong>Napomene:<\/strong><\/p>\n\n\n\n<p>&#8211; <mark style=\"background-color:rgba(0, 0, 0, 0)\" class=\"has-inline-color has-vivid-red-color\">Otkazivanje termina<\/mark> &#8211; potrebno je <mark style=\"background-color:rgba(0, 0, 0, 0)\" class=\"has-inline-color has-vivid-red-color\">otkazati termin 24 sata ranije od vremena zakazanog termina<\/mark>. Ako je termin otkazan nakon tog roka ili klijent ne do\u0111e na dogovoreni termin bez obavijesti prema prethodno navedenom roku, taj termin se pla\u0107a u punoj cijeni iako klijent nije do\u0161ao na susret.<br>&#8211; <mark style=\"background-color:rgba(0, 0, 0, 0)\" class=\"has-inline-color has-vivid-red-color\">Ka\u0161njenje na dogovoreni termin<\/mark> &#8211; u slu\u010daju ka\u0161njenja klijenta na dogovoreni termin, terapeut nije du\u017ean produ\u017eiti trajanje susreta.<\/p>\n\n\n\n<p><\/p>\n","protected":false},"excerpt":{"rendered":"<p>Jedan susret individualnog savjetovanja\/psihoterapije traje 60min, partnerskog savjetovanja 90min dok trajanje grupe ovisi o temi i uvjetima svake pojedine radionice. Napomene: &#8211; Otkazivanje termina &#8211; potrebno je otkazati termin 24 sata ranije od vremena zakazanog termina. Ako je termin otkazan nakon tog roka ili klijent ne do\u0111e na dogovoreni termin bez obavijesti prema prethodno navedenom [&hellip;]<\/p>\n","protected":false},"author":2,"featured_media":0,"parent":6,"menu_order":0,"comment_status":"closed","ping_status":"closed","template":"","meta":{"footnotes":""},"class_list":["post-147","page","type-page","status-publish","hentry"],"yoast_head":"<!-- This site is optimized with the Yoast SEO plugin v27.5 - https:\/\/yoast.com\/product\/yoast-seo-wordpress\/ -->\n<title>Cijena - IdArt<\/title>\n<meta name=\"description\" content=\"Cijena za susret u trajanju od 60 minuta te cijena grupnog rada. Ovdje mo\u017eete prona\u0107i informacije o na\u010dinu rezervacije i otkazivanju termina.\" \/>\n<meta name=\"robots\" content=\"index, follow, max-snippet:-1, max-image-preview:large, max-video-preview:-1\" \/>\n<link rel=\"canonical\" href=\"https:\/\/idartprocess.com\/?page_id=147\" \/>\n<meta property=\"og:locale\" content=\"en_US\" \/>\n<meta property=\"og:type\" content=\"article\" \/>\n<meta property=\"og:title\" content=\"Cijena - IdArt\" \/>\n<meta property=\"og:description\" content=\"Cijena za susret u trajanju od 60 minuta te cijena grupnog rada. Ovdje mo\u017eete prona\u0107i informacije o na\u010dinu rezervacije i otkazivanju termina.\" \/>\n<meta property=\"og:url\" content=\"https:\/\/idartprocess.com\/?page_id=147\" \/>\n<meta property=\"og:site_name\" content=\"IdArt\" \/>\n<meta property=\"article:modified_time\" content=\"2025-11-25T19:34:08+00:00\" \/>\n<meta property=\"og:image\" content=\"https:\/\/idartprocess.com\/wp-content\/uploads\/2025\/11\/20251125_201416-1-scaled.jpg\" \/>\n\t<meta property=\"og:image:width\" content=\"2560\" \/>\n\t<meta property=\"og:image:height\" content=\"1920\" \/>\n\t<meta property=\"og:image:type\" content=\"image\/jpeg\" \/>\n<meta name=\"twitter:card\" content=\"summary_large_image\" \/>\n<meta name=\"twitter:label1\" content=\"Est. reading time\" \/>\n\t<meta name=\"twitter:data1\" content=\"1 minute\" \/>\n<script type=\"application\/ld+json\" class=\"yoast-schema-graph\">{\"@context\":\"https:\\\/\\\/schema.org\",\"@graph\":[{\"@type\":\"WebPage\",\"@id\":\"https:\\\/\\\/idartprocess.com\\\/?page_id=147\",\"url\":\"https:\\\/\\\/idartprocess.com\\\/?page_id=147\",\"name\":\"Cijena - IdArt\",\"isPartOf\":{\"@id\":\"https:\\\/\\\/idartprocess.com\\\/#website\"},\"primaryImageOfPage\":{\"@id\":\"https:\\\/\\\/idartprocess.com\\\/?page_id=147#primaryimage\"},\"image\":{\"@id\":\"https:\\\/\\\/idartprocess.com\\\/?page_id=147#primaryimage\"},\"thumbnailUrl\":\"https:\\\/\\\/idartprocess.com\\\/wp-content\\\/uploads\\\/2025\\\/11\\\/20251125_201416-1-300x225.jpg\",\"datePublished\":\"2023-01-11T13:21:31+00:00\",\"dateModified\":\"2025-11-25T19:34:08+00:00\",\"description\":\"Cijena za susret u trajanju od 60 minuta te cijena grupnog rada. Ovdje mo\u017eete prona\u0107i informacije o na\u010dinu rezervacije i otkazivanju termina.\",\"breadcrumb\":{\"@id\":\"https:\\\/\\\/idartprocess.com\\\/?page_id=147#breadcrumb\"},\"inLanguage\":\"en-US\",\"potentialAction\":[{\"@type\":\"ReadAction\",\"target\":[\"https:\\\/\\\/idartprocess.com\\\/?page_id=147\"]}]},{\"@type\":\"ImageObject\",\"inLanguage\":\"en-US\",\"@id\":\"https:\\\/\\\/idartprocess.com\\\/?page_id=147#primaryimage\",\"url\":\"https:\\\/\\\/idartprocess.com\\\/wp-content\\\/uploads\\\/2025\\\/11\\\/20251125_201416-1-scaled.jpg\",\"contentUrl\":\"https:\\\/\\\/idartprocess.com\\\/wp-content\\\/uploads\\\/2025\\\/11\\\/20251125_201416-1-scaled.jpg\",\"width\":2560,\"height\":1920},{\"@type\":\"BreadcrumbList\",\"@id\":\"https:\\\/\\\/idartprocess.com\\\/?page_id=147#breadcrumb\",\"itemListElement\":[{\"@type\":\"ListItem\",\"position\":1,\"name\":\"Home\",\"item\":\"https:\\\/\\\/idartprocess.com\\\/\"},{\"@type\":\"ListItem\",\"position\":2,\"name\":\"IdArt process&#8230;#do\u0111iksebi\",\"item\":\"https:\\\/\\\/idartprocess.com\\\/\"},{\"@type\":\"ListItem\",\"position\":3,\"name\":\"Cijena\"}]},{\"@type\":\"WebSite\",\"@id\":\"https:\\\/\\\/idartprocess.com\\\/#website\",\"url\":\"https:\\\/\\\/idartprocess.com\\\/\",\"name\":\"IdArt\",\"description\":\"obrt za usluge, proizvodnju i trgovinu\",\"potentialAction\":[{\"@type\":\"SearchAction\",\"target\":{\"@type\":\"EntryPoint\",\"urlTemplate\":\"https:\\\/\\\/idartprocess.com\\\/?s={search_term_string}\"},\"query-input\":{\"@type\":\"PropertyValueSpecification\",\"valueRequired\":true,\"valueName\":\"search_term_string\"}}],\"inLanguage\":\"en-US\"}]}<\/script>\n<!-- \/ Yoast SEO plugin. -->","yoast_head_json":{"title":"Cijena - IdArt","description":"Cijena za susret u trajanju od 60 minuta te cijena grupnog rada. Ovdje mo\u017eete prona\u0107i informacije o na\u010dinu rezervacije i otkazivanju termina.","robots":{"index":"index","follow":"follow","max-snippet":"max-snippet:-1","max-image-preview":"max-image-preview:large","max-video-preview":"max-video-preview:-1"},"canonical":"https:\/\/idartprocess.com\/?page_id=147","og_locale":"en_US","og_type":"article","og_title":"Cijena - IdArt","og_description":"Cijena za susret u trajanju od 60 minuta te cijena grupnog rada. Ovdje mo\u017eete prona\u0107i informacije o na\u010dinu rezervacije i otkazivanju termina.","og_url":"https:\/\/idartprocess.com\/?page_id=147","og_site_name":"IdArt","article_modified_time":"2025-11-25T19:34:08+00:00","og_image":[{"width":2560,"height":1920,"url":"https:\/\/idartprocess.com\/wp-content\/uploads\/2025\/11\/20251125_201416-1-scaled.jpg","type":"image\/jpeg"}],"twitter_card":"summary_large_image","twitter_misc":{"Est. reading time":"1 minute"},"schema":{"@context":"https:\/\/schema.org","@graph":[{"@type":"WebPage","@id":"https:\/\/idartprocess.com\/?page_id=147","url":"https:\/\/idartprocess.com\/?page_id=147","name":"Cijena - IdArt","isPartOf":{"@id":"https:\/\/idartprocess.com\/#website"},"primaryImageOfPage":{"@id":"https:\/\/idartprocess.com\/?page_id=147#primaryimage"},"image":{"@id":"https:\/\/idartprocess.com\/?page_id=147#primaryimage"},"thumbnailUrl":"https:\/\/idartprocess.com\/wp-content\/uploads\/2025\/11\/20251125_201416-1-300x225.jpg","datePublished":"2023-01-11T13:21:31+00:00","dateModified":"2025-11-25T19:34:08+00:00","description":"Cijena za susret u trajanju od 60 minuta te cijena grupnog rada. Ovdje mo\u017eete prona\u0107i informacije o na\u010dinu rezervacije i otkazivanju termina.","breadcrumb":{"@id":"https:\/\/idartprocess.com\/?page_id=147#breadcrumb"},"inLanguage":"en-US","potentialAction":[{"@type":"ReadAction","target":["https:\/\/idartprocess.com\/?page_id=147"]}]},{"@type":"ImageObject","inLanguage":"en-US","@id":"https:\/\/idartprocess.com\/?page_id=147#primaryimage","url":"https:\/\/idartprocess.com\/wp-content\/uploads\/2025\/11\/20251125_201416-1-scaled.jpg","contentUrl":"https:\/\/idartprocess.com\/wp-content\/uploads\/2025\/11\/20251125_201416-1-scaled.jpg","width":2560,"height":1920},{"@type":"BreadcrumbList","@id":"https:\/\/idartprocess.com\/?page_id=147#breadcrumb","itemListElement":[{"@type":"ListItem","position":1,"name":"Home","item":"https:\/\/idartprocess.com\/"},{"@type":"ListItem","position":2,"name":"IdArt process&#8230;#do\u0111iksebi","item":"https:\/\/idartprocess.com\/"},{"@type":"ListItem","position":3,"name":"Cijena"}]},{"@type":"WebSite","@id":"https:\/\/idartprocess.com\/#website","url":"https:\/\/idartprocess.com\/","name":"IdArt","description":"obrt za usluge, proizvodnju i trgovinu","potentialAction":[{"@type":"SearchAction","target":{"@type":"EntryPoint","urlTemplate":"https:\/\/idartprocess.com\/?s={search_term_string}"},"query-input":{"@type":"PropertyValueSpecification","valueRequired":true,"valueName":"search_term_string"}}],"inLanguage":"en-US"}]}},"_links":{"self":[{"href":"https:\/\/idartprocess.com\/index.php?rest_route=\/wp\/v2\/pages\/147","targetHints":{"allow":["GET"]}}],"collection":[{"href":"https:\/\/idartprocess.com\/index.php?rest_route=\/wp\/v2\/pages"}],"about":[{"href":"https:\/\/idartprocess.com\/index.php?rest_route=\/wp\/v2\/types\/page"}],"author":[{"embeddable":true,"href":"https:\/\/idartprocess.com\/index.php?rest_route=\/wp\/v2\/users\/2"}],"replies":[{"embeddable":true,"href":"https:\/\/idartprocess.com\/index.php?rest_route=%2Fwp%2Fv2%2Fcomments&post=147"}],"version-history":[{"count":13,"href":"https:\/\/idartprocess.com\/index.php?rest_route=\/wp\/v2\/pages\/147\/revisions"}],"predecessor-version":[{"id":264,"href":"https:\/\/idartprocess.com\/index.php?rest_route=\/wp\/v2\/pages\/147\/revisions\/264"}],"up":[{"embeddable":true,"href":"https:\/\/idartprocess.com\/index.php?rest_route=\/wp\/v2\/pages\/6"}],"wp:attachment":[{"href":"https:\/\/idartprocess.com\/index.php?rest_route=%2Fwp%2Fv2%2Fmedia&parent=147"}],"curies":[{"name":"wp","href":"https:\/\/api.w.org\/{rel}","templated":true}]}}