{"id":133,"date":"2023-01-03T11:00:53","date_gmt":"2023-01-03T11:00:53","guid":{"rendered":"https:\/\/idartprocess.com\/?page_id=133"},"modified":"2025-11-25T19:05:39","modified_gmt":"2025-11-25T19:05:39","slug":"idart","status":"publish","type":"page","link":"https:\/\/idartprocess.com\/?page_id=133","title":{"rendered":"IdArt &#8211; upoznajmo se!"},"content":{"rendered":"<div class=\"wp-block-image\">\n<figure class=\"alignleft size-medium\"><img loading=\"lazy\" decoding=\"async\" width=\"268\" height=\"300\" src=\"https:\/\/idartprocess.com\/wp-content\/uploads\/2025\/11\/20251125_193243-268x300.jpg\" alt=\"\" class=\"wp-image-251\" srcset=\"https:\/\/idartprocess.com\/wp-content\/uploads\/2025\/11\/20251125_193243-268x300.jpg 268w, https:\/\/idartprocess.com\/wp-content\/uploads\/2025\/11\/20251125_193243-915x1024.jpg 915w, https:\/\/idartprocess.com\/wp-content\/uploads\/2025\/11\/20251125_193243-768x859.jpg 768w, https:\/\/idartprocess.com\/wp-content\/uploads\/2025\/11\/20251125_193243-1373x1536.jpg 1373w, https:\/\/idartprocess.com\/wp-content\/uploads\/2025\/11\/20251125_193243-1831x2048.jpg 1831w\" sizes=\"auto, (max-width: 268px) 100vw, 268px\" \/><\/figure><\/div>\n\n\n<h4 class=\"wp-block-heading\">O IdArt-u<\/h4>\n\n\n\n<p>IdArt je prostor <strong>sigurnosti<\/strong> i <strong>podr\u0161ke<\/strong> za tvoj rad na sebi i za razvoj tvog partnerskog odnosa. Mjesto za gledanje u sebe i u odnose koje gradi\u0161. Za sigurnu proradu emocija i iskustava uz stru\u010dnu podr\u0161ku. Tako\u0111er, mjesto za <strong>osvje\u0161tavanje postoje\u0107ih obrazaca<\/strong> i eksperimentiranje s novim obrascima. Na kraju, kao rezultat dobiva\u0161 <strong>svjestan odabir<\/strong> &#8211; jer ovdje ima\u0161 mogu\u0107nost nau\u010diti kako isti i dalje samostalno razvijati.<\/p>\n\n\n\n<hr class=\"wp-block-separator has-alpha-channel-opacity is-style-dots\"\/>\n\n\n\n<h4 class=\"wp-block-heading\">O meni<\/h4>\n\n\n\n<p>Moje ime i prezime je <strong>Ida Jakovac<\/strong>, volim boje, kreativka sam u du\u0161i ba\u0161 kao i Gestalt psihoterapeutkinja i socijalna radnica (\u0161to osim u du\u0161i nosim i na papiru \ud83d\ude42 ). Uspje\u0161no sam savladala 40 godina \u017eivotnog sta\u017ea i vidim ga kao va\u017enog u\u010ditelja i bazu za sve \u0161to sada radim i kako \u017eivim (uz edukacije i rad na sebi, naravno).<br>Pru\u017eanje podr\u0161ke je od malena bila moja spontana aktivnost, a kasnije, kroz rad na sebi, uvidjela sam i za\u0161to. Rad na sebi me finalno doveo do kreiranja <strong>IdArta &#8211; sigurnog mjesta za osobni razvoj<\/strong> (kroz individualnu i grupnu psihoterapiju i savjetovanje) <strong>i mjesta podr\u0161ke za razvoj tvog partnerskog odnosa (kroz partnerski terapijski proces).<\/strong><\/p>\n\n\n\n<p>Napokon imam osje\u0107aj da radim posao u kojem su i moje srce i moja glava zadovoljni. \ud83d\ude42<\/p>\n\n\n\n<p class=\"has-text-color has-link-color wp-elements-3acdf2ca1b7a88a426e285601c79789d\" style=\"color:#787d7e;text-decoration:none\">Nakon srednje \u0161kole moj razvojni put me odveo na <strong>studij Socijalnog rada na Pravnom fakultetu <\/strong>u Zagrebu gdje sam 2014. godine stekla zvanje Magistra socijalnog rada. Jo\u0161 tada na fakultetu sam, kroz rad na sebi, otkrila Gestalt psihoterapiju i njena melemska svojstva. U \u017eelji da taj melem \u0161irim dalje, 2018. godine sam upisala <strong>edukaciju iz Gestalt psihoterapije u Gestalt centru Homa<\/strong> u Zagrebu. Tako sam 8 godina kasnije, i sama sam postala Gestalt psihoterapeutkinja i s rado\u0161\u0107u pru\u017eam to njeguju\u0107e iskustvo drugima. Zbog interesa prema boljem razumijevanju partnerske dinamike (pa i vlastitog partnerskog odnosa), zavr\u0161ila sam i <strong><em><a href=\"https:\/\/partnerski-odnosi.com\/specijalisti%C4%8Dki-program\">Specijalisti\u010dki program: \u201eIntegrativni pristup u radu s parovima<\/a>&#8220;<\/em><\/strong> pri <strong>Centru za partnerske odnose<\/strong>.<\/p>\n\n\n\n<p style=\"text-decoration:none\">Opcije podr\u0161ke koje trenutno pru\u017eam su: <strong>usluge Gestalt psihoterapije, savjetovanja<\/strong> (individualno i partnersko) i <strong>grupni rad<\/strong> fokusiran na osobni razvoj.<\/p>\n\n\n\n<hr class=\"wp-block-separator has-alpha-channel-opacity is-style-dots\"\/>\n\n\n\n<div style=\"height:0px\" aria-hidden=\"true\" class=\"wp-block-spacer\"><\/div>\n\n\n\n<h4 class=\"wp-block-heading has-text-align-center\">Drago mi je da te put doveo u IdArt<\/h4>\n\n\n\n<p class=\"has-text-align-center\">Mo\u017eda \u017eeli\u0161 <strong>odre\u0111enu promjenu u svom \u017eivotu<\/strong> ili pak \u017eeli\u0161 podr\u017eati sebi dragu osobu u radu na sebi. Mo\u017eda \u017eeli\u0161 da tvoj <strong>partnerski odnos postane sigurnije i ugodnije mjesto<\/strong> za tebe i partnera\/icu.<br>Ako <strong>ne zna\u0161 navesti koju promjenu \u017eeli\u0161<\/strong> i to je u redu. Nekad davno nisam znala niti ja. I danas ponekad ne znam \ud83d\ude42 no nau\u010dila sam kako do\u0107i do odgovora. Sad ima\u0161 priliku nau\u010diti i ti.<\/p>\n\n\n\n<hr class=\"wp-block-separator has-alpha-channel-opacity is-style-dots\"\/>\n\n\n<div class=\"wp-block-image\">\n<figure class=\"aligncenter size-large is-resized\"><img loading=\"lazy\" decoding=\"async\" width=\"866\" height=\"1024\" src=\"https:\/\/idartprocess.com\/wp-content\/uploads\/2025\/11\/20251125_195722-cut-2-866x1024.jpg\" alt=\"\" class=\"wp-image-258\" style=\"width:206px;height:auto\" srcset=\"https:\/\/idartprocess.com\/wp-content\/uploads\/2025\/11\/20251125_195722-cut-2-866x1024.jpg 866w, https:\/\/idartprocess.com\/wp-content\/uploads\/2025\/11\/20251125_195722-cut-2-254x300.jpg 254w, https:\/\/idartprocess.com\/wp-content\/uploads\/2025\/11\/20251125_195722-cut-2-768x908.jpg 768w, https:\/\/idartprocess.com\/wp-content\/uploads\/2025\/11\/20251125_195722-cut-2-1299x1536.jpg 1299w, https:\/\/idartprocess.com\/wp-content\/uploads\/2025\/11\/20251125_195722-cut-2-1733x2048.jpg 1733w\" sizes=\"auto, (max-width: 866px) 100vw, 866px\" \/><\/figure><\/div>\n\n\n<p class=\"has-text-align-center\"><strong>Pi\u0161i, zovi, vidimo se! \ud83d\ude42<\/strong><\/p>\n\n\n\n<p><\/p>\n","protected":false},"excerpt":{"rendered":"<p>O IdArt-u IdArt je prostor sigurnosti i podr\u0161ke za tvoj rad na sebi i za razvoj tvog partnerskog odnosa. Mjesto za gledanje u sebe i u odnose koje gradi\u0161. Za sigurnu proradu emocija i iskustava uz stru\u010dnu podr\u0161ku. Tako\u0111er, mjesto za osvje\u0161tavanje postoje\u0107ih obrazaca i eksperimentiranje s novim obrascima. Na kraju, kao rezultat dobiva\u0161 svjestan [&hellip;]<\/p>\n","protected":false},"author":2,"featured_media":0,"parent":6,"menu_order":4,"comment_status":"closed","ping_status":"closed","template":"","meta":{"footnotes":""},"class_list":["post-133","page","type-page","status-publish","hentry"],"yoast_head":"<!-- This site is optimized with the Yoast SEO plugin v27.5 - https:\/\/yoast.com\/product\/yoast-seo-wordpress\/ -->\n<title>IdArt - upoznajmo se! -<\/title>\n<meta name=\"description\" content=\"IdArt je prostor sigurnosti i podr\u0161ke tijekom rada na sebi. Mjesto za proradu emocija i iskustava. Idart je mjesto za svjestan odabir sebe.\" \/>\n<meta name=\"robots\" content=\"index, follow, max-snippet:-1, max-image-preview:large, max-video-preview:-1\" \/>\n<link rel=\"canonical\" href=\"https:\/\/idartprocess.com\/?page_id=133\" \/>\n<meta property=\"og:locale\" content=\"en_US\" \/>\n<meta property=\"og:type\" content=\"article\" \/>\n<meta property=\"og:title\" content=\"IdArt - upoznajmo se! -\" \/>\n<meta property=\"og:description\" content=\"IdArt je prostor sigurnosti i podr\u0161ke tijekom rada na sebi. Mjesto za proradu emocija i iskustava. Idart je mjesto za svjestan odabir sebe.\" \/>\n<meta property=\"og:url\" content=\"https:\/\/idartprocess.com\/?page_id=133\" \/>\n<meta property=\"og:site_name\" content=\"IdArt\" \/>\n<meta property=\"article:modified_time\" content=\"2025-11-25T19:05:39+00:00\" \/>\n<meta property=\"og:image\" content=\"https:\/\/idartprocess.com\/wp-content\/uploads\/2025\/11\/20251125_193243-scaled.jpg\" \/>\n\t<meta property=\"og:image:width\" content=\"2289\" \/>\n\t<meta property=\"og:image:height\" content=\"2560\" \/>\n\t<meta property=\"og:image:type\" content=\"image\/jpeg\" \/>\n<meta name=\"twitter:card\" content=\"summary_large_image\" \/>\n<meta name=\"twitter:label1\" content=\"Est. reading time\" \/>\n\t<meta name=\"twitter:data1\" content=\"3 minutes\" \/>\n<script type=\"application\/ld+json\" class=\"yoast-schema-graph\">{\"@context\":\"https:\\\/\\\/schema.org\",\"@graph\":[{\"@type\":\"WebPage\",\"@id\":\"https:\\\/\\\/idartprocess.com\\\/?page_id=133\",\"url\":\"https:\\\/\\\/idartprocess.com\\\/?page_id=133\",\"name\":\"IdArt - upoznajmo se! -\",\"isPartOf\":{\"@id\":\"https:\\\/\\\/idartprocess.com\\\/#website\"},\"primaryImageOfPage\":{\"@id\":\"https:\\\/\\\/idartprocess.com\\\/?page_id=133#primaryimage\"},\"image\":{\"@id\":\"https:\\\/\\\/idartprocess.com\\\/?page_id=133#primaryimage\"},\"thumbnailUrl\":\"https:\\\/\\\/idartprocess.com\\\/wp-content\\\/uploads\\\/2025\\\/11\\\/20251125_193243-268x300.jpg\",\"datePublished\":\"2023-01-03T11:00:53+00:00\",\"dateModified\":\"2025-11-25T19:05:39+00:00\",\"description\":\"IdArt je prostor sigurnosti i podr\u0161ke tijekom rada na sebi. Mjesto za proradu emocija i iskustava. Idart je mjesto za svjestan odabir sebe.\",\"breadcrumb\":{\"@id\":\"https:\\\/\\\/idartprocess.com\\\/?page_id=133#breadcrumb\"},\"inLanguage\":\"en-US\",\"potentialAction\":[{\"@type\":\"ReadAction\",\"target\":[\"https:\\\/\\\/idartprocess.com\\\/?page_id=133\"]}]},{\"@type\":\"ImageObject\",\"inLanguage\":\"en-US\",\"@id\":\"https:\\\/\\\/idartprocess.com\\\/?page_id=133#primaryimage\",\"url\":\"https:\\\/\\\/idartprocess.com\\\/wp-content\\\/uploads\\\/2025\\\/11\\\/20251125_193243-scaled.jpg\",\"contentUrl\":\"https:\\\/\\\/idartprocess.com\\\/wp-content\\\/uploads\\\/2025\\\/11\\\/20251125_193243-scaled.jpg\",\"width\":2289,\"height\":2560},{\"@type\":\"BreadcrumbList\",\"@id\":\"https:\\\/\\\/idartprocess.com\\\/?page_id=133#breadcrumb\",\"itemListElement\":[{\"@type\":\"ListItem\",\"position\":1,\"name\":\"Home\",\"item\":\"https:\\\/\\\/idartprocess.com\\\/\"},{\"@type\":\"ListItem\",\"position\":2,\"name\":\"IdArt process&#8230;#do\u0111iksebi\",\"item\":\"https:\\\/\\\/idartprocess.com\\\/\"},{\"@type\":\"ListItem\",\"position\":3,\"name\":\"IdArt &#8211; upoznajmo se!\"}]},{\"@type\":\"WebSite\",\"@id\":\"https:\\\/\\\/idartprocess.com\\\/#website\",\"url\":\"https:\\\/\\\/idartprocess.com\\\/\",\"name\":\"IdArt\",\"description\":\"obrt za usluge, proizvodnju i trgovinu\",\"potentialAction\":[{\"@type\":\"SearchAction\",\"target\":{\"@type\":\"EntryPoint\",\"urlTemplate\":\"https:\\\/\\\/idartprocess.com\\\/?s={search_term_string}\"},\"query-input\":{\"@type\":\"PropertyValueSpecification\",\"valueRequired\":true,\"valueName\":\"search_term_string\"}}],\"inLanguage\":\"en-US\"}]}<\/script>\n<!-- \/ Yoast SEO plugin. -->","yoast_head_json":{"title":"IdArt - upoznajmo se! -","description":"IdArt je prostor sigurnosti i podr\u0161ke tijekom rada na sebi. Mjesto za proradu emocija i iskustava. Idart je mjesto za svjestan odabir sebe.","robots":{"index":"index","follow":"follow","max-snippet":"max-snippet:-1","max-image-preview":"max-image-preview:large","max-video-preview":"max-video-preview:-1"},"canonical":"https:\/\/idartprocess.com\/?page_id=133","og_locale":"en_US","og_type":"article","og_title":"IdArt - upoznajmo se! -","og_description":"IdArt je prostor sigurnosti i podr\u0161ke tijekom rada na sebi. Mjesto za proradu emocija i iskustava. Idart je mjesto za svjestan odabir sebe.","og_url":"https:\/\/idartprocess.com\/?page_id=133","og_site_name":"IdArt","article_modified_time":"2025-11-25T19:05:39+00:00","og_image":[{"width":2289,"height":2560,"url":"https:\/\/idartprocess.com\/wp-content\/uploads\/2025\/11\/20251125_193243-scaled.jpg","type":"image\/jpeg"}],"twitter_card":"summary_large_image","twitter_misc":{"Est. reading time":"3 minutes"},"schema":{"@context":"https:\/\/schema.org","@graph":[{"@type":"WebPage","@id":"https:\/\/idartprocess.com\/?page_id=133","url":"https:\/\/idartprocess.com\/?page_id=133","name":"IdArt - upoznajmo se! -","isPartOf":{"@id":"https:\/\/idartprocess.com\/#website"},"primaryImageOfPage":{"@id":"https:\/\/idartprocess.com\/?page_id=133#primaryimage"},"image":{"@id":"https:\/\/idartprocess.com\/?page_id=133#primaryimage"},"thumbnailUrl":"https:\/\/idartprocess.com\/wp-content\/uploads\/2025\/11\/20251125_193243-268x300.jpg","datePublished":"2023-01-03T11:00:53+00:00","dateModified":"2025-11-25T19:05:39+00:00","description":"IdArt je prostor sigurnosti i podr\u0161ke tijekom rada na sebi. Mjesto za proradu emocija i iskustava. Idart je mjesto za svjestan odabir sebe.","breadcrumb":{"@id":"https:\/\/idartprocess.com\/?page_id=133#breadcrumb"},"inLanguage":"en-US","potentialAction":[{"@type":"ReadAction","target":["https:\/\/idartprocess.com\/?page_id=133"]}]},{"@type":"ImageObject","inLanguage":"en-US","@id":"https:\/\/idartprocess.com\/?page_id=133#primaryimage","url":"https:\/\/idartprocess.com\/wp-content\/uploads\/2025\/11\/20251125_193243-scaled.jpg","contentUrl":"https:\/\/idartprocess.com\/wp-content\/uploads\/2025\/11\/20251125_193243-scaled.jpg","width":2289,"height":2560},{"@type":"BreadcrumbList","@id":"https:\/\/idartprocess.com\/?page_id=133#breadcrumb","itemListElement":[{"@type":"ListItem","position":1,"name":"Home","item":"https:\/\/idartprocess.com\/"},{"@type":"ListItem","position":2,"name":"IdArt process&#8230;#do\u0111iksebi","item":"https:\/\/idartprocess.com\/"},{"@type":"ListItem","position":3,"name":"IdArt &#8211; upoznajmo se!"}]},{"@type":"WebSite","@id":"https:\/\/idartprocess.com\/#website","url":"https:\/\/idartprocess.com\/","name":"IdArt","description":"obrt za usluge, proizvodnju i trgovinu","potentialAction":[{"@type":"SearchAction","target":{"@type":"EntryPoint","urlTemplate":"https:\/\/idartprocess.com\/?s={search_term_string}"},"query-input":{"@type":"PropertyValueSpecification","valueRequired":true,"valueName":"search_term_string"}}],"inLanguage":"en-US"}]}},"_links":{"self":[{"href":"https:\/\/idartprocess.com\/index.php?rest_route=\/wp\/v2\/pages\/133","targetHints":{"allow":["GET"]}}],"collection":[{"href":"https:\/\/idartprocess.com\/index.php?rest_route=\/wp\/v2\/pages"}],"about":[{"href":"https:\/\/idartprocess.com\/index.php?rest_route=\/wp\/v2\/types\/page"}],"author":[{"embeddable":true,"href":"https:\/\/idartprocess.com\/index.php?rest_route=\/wp\/v2\/users\/2"}],"replies":[{"embeddable":true,"href":"https:\/\/idartprocess.com\/index.php?rest_route=%2Fwp%2Fv2%2Fcomments&post=133"}],"version-history":[{"count":22,"href":"https:\/\/idartprocess.com\/index.php?rest_route=\/wp\/v2\/pages\/133\/revisions"}],"predecessor-version":[{"id":259,"href":"https:\/\/idartprocess.com\/index.php?rest_route=\/wp\/v2\/pages\/133\/revisions\/259"}],"up":[{"embeddable":true,"href":"https:\/\/idartprocess.com\/index.php?rest_route=\/wp\/v2\/pages\/6"}],"wp:attachment":[{"href":"https:\/\/idartprocess.com\/index.php?rest_route=%2Fwp%2Fv2%2Fmedia&parent=133"}],"curies":[{"name":"wp","href":"https:\/\/api.w.org\/{rel}","templated":true}]}}